{"id":637,"date":"2025-11-09T18:54:55","date_gmt":"2025-11-09T17:54:55","guid":{"rendered":"https:\/\/librosdelaaxarquia.com\/?page_id=637"},"modified":"2025-12-04T23:02:11","modified_gmt":"2025-12-04T22:02:11","slug":"libro-amigos-para-siempre","status":"publish","type":"page","link":"https:\/\/librosdelaaxarquia.com\/?page_id=637","title":{"rendered":"AMIGOS PARA SIEMPRE"},"content":{"rendered":"\n<figure class=\"wp-block-image aligncenter size-large is-resized\"><img loading=\"lazy\" decoding=\"async\" width=\"631\" height=\"1024\" src=\"https:\/\/librosdelaaxarquia.com\/wp-content\/uploads\/2025\/11\/No-08-2-631x1024.jpg\" alt=\"\" class=\"wp-image-638\" style=\"width:463px;height:auto\" srcset=\"https:\/\/librosdelaaxarquia.com\/wp-content\/uploads\/2025\/11\/No-08-2-631x1024.jpg 631w, https:\/\/librosdelaaxarquia.com\/wp-content\/uploads\/2025\/11\/No-08-2-185x300.jpg 185w, https:\/\/librosdelaaxarquia.com\/wp-content\/uploads\/2025\/11\/No-08-2-768x1247.jpg 768w, https:\/\/librosdelaaxarquia.com\/wp-content\/uploads\/2025\/11\/No-08-2.jpg 873w\" sizes=\"auto, (max-width: 631px) 100vw, 631px\" \/><\/figure>\n\n\n\n<hr class=\"wp-block-separator has-alpha-channel-opacity\"\/>\n\n\n\n<p>COLECCI\u00d3N <strong><a href=\"https:\/\/librosdelaaxarquia.com\/?page_id=50\" data-type=\"page\" data-id=\"50\">GENERAL<\/a><\/strong>. (N\u00ba. 8)<\/p>\n\n\n\n<p><strong>AUTOR<\/strong>: <a href=\"https:\/\/librosdelaaxarquia.com\/?page_id=518\">FRANCISCO MONTORO FERN\u00c1NDEZ<\/a><\/p>\n\n\n\n<p>ISBN:   978-84-938732-3-3     D.L.  MA-1047-2012<\/p>\n\n\n\n<p>N\u00famero de p\u00e1ginas:  368<\/p>\n\n\n\n<hr class=\"wp-block-separator has-alpha-channel-opacity\"\/>\n\n\n\n<div style=\"height:4px\" aria-hidden=\"true\" class=\"wp-block-spacer\"><\/div>\n\n\n\n<figure class=\"wp-block-embed is-type-video is-provider-youtube wp-block-embed-youtube wp-embed-aspect-16-9 wp-has-aspect-ratio\"><div class=\"wp-block-embed__wrapper\">\n<iframe loading=\"lazy\" title=\"SPOT AMIGOS PARA SIEMPRE\" width=\"500\" height=\"281\" src=\"https:\/\/www.youtube.com\/embed\/rzOVUfQtPyk?feature=oembed\" frameborder=\"0\" allow=\"accelerometer; autoplay; clipboard-write; encrypted-media; gyroscope; picture-in-picture; web-share\" referrerpolicy=\"strict-origin-when-cross-origin\" allowfullscreen><\/iframe>\n<\/div><\/figure>\n\n\n\n<p><strong>&nbsp;&nbsp;&nbsp;&nbsp;&nbsp;&nbsp;&nbsp;<\/strong><\/p>\n\n\n\n<p><strong> <\/strong>Esto, amigo lector, no es un libro al uso. Ni tampoco, como pudiera parecer, un libro de fotograf\u00edas. Se trata de un trabajo que intenta \u201cretener en el tiempo\u201d a aquellos grupos humanos vele\u00f1os que a lo largo de los a\u00f1os pr\u00f3ximos pasados han configurado amistades, anudado lazos personales y expresado sentimientos de complicidad y vitalidad.<\/p>\n\n\n\n<p><em>Amigos para Siempre<\/em> es un libro que trata de recuperar la \u201cpeque\u00f1a historia\u201d, la memoria de lo vivido por los protagonistas del V\u00e9lez-M\u00e1laga vital y que, en muchos casos, se encontraban ya en el caj\u00f3n de los olvidos.<\/p>\n\n\n\n<p>Rememorar amistades, momentos, tiempos, vivencias\u2026, es una sana actividad de los humanos que nos devuelve, en muchos casos, parte de la alegr\u00eda que dejamos abandonada en los caminos de la vida y que explica lo que somos, por qu\u00e9 somos, y c\u00f3mo somos los vele\u00f1os de hoy. Los colegios, el deporte, las fiestas populares, las fiestas privadas, la vida religiosa, la vida cultural, pol\u00edtica\u2026<\/p>\n\n\n\n<div style=\"height:9px\" aria-hidden=\"true\" class=\"wp-block-spacer\"><\/div>\n\n\n\n<figure class=\"wp-block-embed is-type-video is-provider-youtube wp-block-embed-youtube wp-embed-aspect-4-3 wp-has-aspect-ratio\"><div class=\"wp-block-embed__wrapper\">\n<iframe loading=\"lazy\" title=\"AMIGOS PARA SIEMPRE Video\" width=\"500\" height=\"375\" src=\"https:\/\/www.youtube.com\/embed\/rp3wnqKBW3s?feature=oembed\" frameborder=\"0\" allow=\"accelerometer; autoplay; clipboard-write; encrypted-media; gyroscope; picture-in-picture; web-share\" referrerpolicy=\"strict-origin-when-cross-origin\" allowfullscreen><\/iframe>\n<\/div><\/figure>\n\n\n\n<div style=\"height:9px\" aria-hidden=\"true\" class=\"wp-block-spacer\"><\/div>\n\n\n\n<p>Cualquiera de los temas tratados dar\u00eda para un libro completo. As\u00ed es posible que, en un futuro, aparezcan otros tomos espec\u00edficos. El tiempo dir\u00e1. En cualquier caso se trata de \u201csalvar\u201d en lo inmediato la peque\u00f1a historia que se nos va, que se nos pierde, aquella ef\u00edmera a la que escasamente y puntualmente logramos fotografiar.<\/p>\n\n\n\n<p>Resulta penoso ver como la incuria, las modas urbanas y familiares, incluso los traslados recientes de las \u00faltimas d\u00e9cadas, desde las antiguas viviendas a los modernos pisos, est\u00e1n dando al traste con miles de fotos que se disipan para siempre. Fotos que en su destrucci\u00f3n acaban con una parte vital de nuestra historia, fotos con las que se marchan instantes de lo vivido, lo sufrido, lo so\u00f1ado y lo luchado por los vele\u00f1os y vele\u00f1as. Fotos que no s\u00f3lo son parte de nosotros mismos, sino un patrimonio com\u00fan que se nos aminora o acaba. Fotos que est\u00e1n dormitando en los cajones de los viejos inmuebles, y expuestas, y encaminadas, al olvido final. Tarde o temprano alg\u00fan descendiente que no reconoce a quienes aparecen en dichas fotograf\u00edas puede terminar arroj\u00e1ndolas a la basura. Y es nuestra historia, nuestra \u201cpeque\u00f1a historia\u201d, que a la postre es la historia verdadera, la vivida, no la contada o supuesta por los historiadores y cronistas, sino la aut\u00e9ntica y vital que nos pertenece a todos y que se aleja de nosotros a paso ligero hacia la nebulosa y el olvido.<\/p>\n\n\n\n<p>Por ello este libro desde sus or\u00edgenes ha pasado por dos fases o etapas. Una primera, la de tratar que las fotos en peligro de extinci\u00f3n recobraran valor, salieran de los arcones, \u00e1lbumes y cajas de latas o cart\u00f3n en que se encontraban, anidando en el olvido, y se plasmaran, gracias a las nuevas&nbsp; tecnolog\u00edas, en un soporte digital salvador. Y la segunda fase, la de difundirlas para todos, restituyendo a la cultura familiar, popular y general ese tesoro patrimonial com\u00fan que es la fotograf\u00eda privada como testimonio real de lo acontecido.<\/p>\n\n\n\n<p>Primero las hemos puesto en difusi\u00f3n a trav\u00e9s de <em>La peque\u00f1a Historia<\/em>, apartado diario del <em>Informativo<\/em> de <strong>Velevisa TV<\/strong>, tarea comenzada, y no interrumpida hasta el presente, desde el primero de septiembre del a\u00f1o 2007. Luego, en fase posterior, en este nuevo proyecto de difusi\u00f3n impresa que comienza con este&nbsp; ejemplar que est\u00e1 ahora en vuestras manos, donde se trata de perpetuar en un libro una selecci\u00f3n de las mismas, que, de este modo, creemos, aleja con fuerza el peligro de extinci\u00f3n.<\/p>\n\n\n\n<p>Es tal la cantidad de fotos que se conservan, que la m\u00e1s dif\u00edcil de las tareas llevadas a cabo ha resultado ser la de la selecci\u00f3n. Localizar las fotos, escanearlas, ordenarlas, etc. es una labor ingente; pero la de escoger, la de libar las que consideramos m\u00e1s significativas, resulta, a no dudar, lo m\u00e1s doloroso. Porque, a veces, sobre un tema quedan en un alumbramiento aplazado infinidad de peque\u00f1os tesoros fotogr\u00e1ficos, por imponderables de espacio, por las limitaciones f\u00edsicas de lo que es un libro impreso.<\/p>\n\n\n\n<p>En esta ocasi\u00f3n van a reunirse una selecci\u00f3n de grupos humanos, de conjuntos de personas que, con motivos varios, eternizaron sus instantes a trav\u00e9s de fotograf\u00edas. Estos amigos, reunidos en las fotos son los que hoy van a formar este libro de \u201camigos para siempre\u201d. El tiempo de escuela, las diversiones, el deporte, la vida pol\u00edtica, social y cultural, etc. van a ser los motivos para estos retratos.<\/p>\n\n\n\n<p>\u00bfPor qu\u00e9 unas fotos s\u00ed y otras no? Porque todas no pueden ser, y alg\u00fan criterio resulta preciso seguir al respecto. Finalmente, y, como ocurre con las ideas en cualquier libro, es el autor del mismo el que debe tomar la opci\u00f3n y la decisi\u00f3n de lo que s\u00ed y lo que no. Es al autor &#8211; m\u00e1s bien seleccionador en este caso &#8211; quien debe cargar con la responsabilidad del acierto, o&nbsp; no, de la tarea.<\/p>\n\n\n\n<p>De todos modos, si el agrupamiento que hemos llevado a cabo no es el m\u00e1s acertado, a no dudar ha sido el mejor que hemos sabido o podido hacer.&nbsp;<\/p>\n\n\n\n<hr class=\"wp-block-separator has-alpha-channel-opacity\"\/>\n\n\n\n<div style=\"height:2px\" aria-hidden=\"true\" class=\"wp-block-spacer\"><\/div>\n\n\n\n<p class=\"has-text-align-center\"><strong>PRESENTADORA DEL LIBRO <\/strong><\/p>\n\n\n\n<figure class=\"wp-block-embed is-type-video is-provider-youtube wp-block-embed-youtube wp-embed-aspect-16-9 wp-has-aspect-ratio\"><div class=\"wp-block-embed__wrapper\">\n<iframe loading=\"lazy\" title=\"AXARQUIA VIVA-PRESENTACION LIBRO AMIGOS PARA SIEMPRE DE FRANCISCO MONTORO\" width=\"500\" height=\"281\" src=\"https:\/\/www.youtube.com\/embed\/daJpOU7stdo?feature=oembed\" frameborder=\"0\" allow=\"accelerometer; autoplay; clipboard-write; encrypted-media; gyroscope; picture-in-picture; web-share\" referrerpolicy=\"strict-origin-when-cross-origin\" allowfullscreen><\/iframe>\n<\/div><\/figure>\n\n\n\n<div style=\"height:7px\" aria-hidden=\"true\" class=\"wp-block-spacer\"><\/div>\n\n\n\n<p>No hubiera sido posible el libro sin las m\u00faltiples colaboraciones recibidas, primero aportando fotograf\u00edas, y luego ayudando a identificar a los personajes que aparecen en ellas. Decir que entre ellos est\u00e1n historiadores como Diego Ignacio Ramos Villaespesa, y Antonio Manuel Pe\u00f1a M\u00e9ndez; familiares como mis hermanos Remedios Montoro y Eduardo Montoro; amigos del alma como Antonio Olea, Juan Luis de Hoces, Jos\u00e9 Manuel Salcedo; vecinos como Jos\u00e9 Fajardo, Pepita Acu\u00f1a y Pepita P\u00e9rez; compa\u00f1eros como Jes\u00fas Calvo, y un largo etc., que, en gran medida, son los responsables de lo bueno del libro que hoy ve la luz.<\/p>\n\n\n\n<p>Por \u00faltimo resulta preciso hacer algunas consideraciones t\u00e9cnicas indispensables. Hemos utilizado, siempre que hemos podido, el criterio cronol\u00f3gico, atinando lo m\u00e1s posible el tiempo, utilizando la abreviatura c. (<em>circum<\/em>, alrededor) cuando solo hemos alcanzado a aproximarnos. Y a la hora de nombrar a los \u201camigos\u201d que aparecen en las fotos, siempre hemos optado por el criterio de empezar en la forma natural de lectura, es decir, de izquierda a derecha y de arriba abajo.<\/p>\n\n\n\n<p>Aquellos \u201camigos\u201d que han quedado sin identificar lo hemos marcado con un (s. i., \u201csin identificar\u201d) a la espera de que un informador, o el tiempo, resuelvan el enigma.<\/p>\n\n\n\n<p>Finalmente es preciso aclarar que desde el primer momento encontramos fotograf\u00edas que t\u00e9cnicamente no permit\u00edan la identificaci\u00f3n de las personas, por su dificultad compositiva, lejan\u00eda, mala definici\u00f3n o, simplemente, por la torpeza de este autor. Algunas resultan tan significativas que, finalmente, hemos optado por incluirlas, a pesar de la carencia informativa referida.<\/p>\n\n\n\n<p>&nbsp;&nbsp;&nbsp;&nbsp; Las fotos van referenciadas en nota a pie de p\u00e1gina con la informaci\u00f3n correspondiente del origen de la misma.<\/p>\n\n\n\n<p>&nbsp;&nbsp;&nbsp; En los \u00faltimos a\u00f1os, la aparici\u00f3n del grupo de Facebook \u201cLa Historia Local a trav\u00e9s de la Fotograf\u00eda\u201d ha supuesto una gran riqueza que ha permitido matizar en algunos aspectos este trabajo. Algunas de las fotos publicadas son las mismas que se encontraban ya incluidas en el libro &#8211; cosa l\u00f3gica dado que de cada fotograf\u00eda, a veces, existen m\u00faltiples copias &#8211; si bien, mientras algunas las hemos retirado del libro, para evitar confusiones, otras las hemos dejado por su inter\u00e9s, referenci\u00e1ndolas adecuadamente.<\/p>\n\n\n\n<hr class=\"wp-block-separator has-alpha-channel-opacity\"\/>\n\n\n\n<div style=\"height:7px\" aria-hidden=\"true\" class=\"wp-block-spacer\"><\/div>\n\n\n\n<p class=\"has-text-align-center\"><strong>ACTO DE PRESENTACI\u00d3N DEL LIBRO<\/strong><\/p>\n\n\n\n<p class=\"has-text-align-center\">(Pe\u00f1a Flamenca, 26.10.2012)<\/p>\n\n\n\n<figure class=\"wp-block-embed is-type-video is-provider-youtube wp-block-embed-youtube wp-embed-aspect-4-3 wp-has-aspect-ratio\"><div class=\"wp-block-embed__wrapper\">\n<iframe loading=\"lazy\" title=\"AMIGOS PARA SIEMPRE\" width=\"500\" height=\"375\" src=\"https:\/\/www.youtube.com\/embed\/aQaUkuZvMrY?feature=oembed\" frameborder=\"0\" allow=\"accelerometer; autoplay; clipboard-write; encrypted-media; gyroscope; picture-in-picture; web-share\" referrerpolicy=\"strict-origin-when-cross-origin\" allowfullscreen><\/iframe>\n<\/div><\/figure>\n","protected":false},"excerpt":{"rendered":"<p>COLECCI\u00d3N GENERAL. (N\u00ba. 8) AUTOR: FRANCISCO MONTORO FERN\u00c1NDEZ ISBN: 978-84-938732-3-3 D.L. MA-1047-2012 N\u00famero de p\u00e1ginas: 368 &nbsp;&nbsp;&nbsp;&nbsp;&nbsp;&nbsp;&nbsp; Esto, amigo lector, no es un libro al uso. Ni tampoco, como pudiera parecer, un libro de fotograf\u00edas. Se trata de un trabajo que intenta \u201cretener en el tiempo\u201d a aquellos grupos humanos vele\u00f1os que a lo largo [&hellip;]<\/p>\n","protected":false},"author":1,"featured_media":0,"parent":0,"menu_order":0,"comment_status":"closed","ping_status":"closed","template":"","meta":{"footnotes":""},"class_list":["post-637","page","type-page","status-publish","hentry"],"_links":{"self":[{"href":"https:\/\/librosdelaaxarquia.com\/index.php?rest_route=\/wp\/v2\/pages\/637","targetHints":{"allow":["GET"]}}],"collection":[{"href":"https:\/\/librosdelaaxarquia.com\/index.php?rest_route=\/wp\/v2\/pages"}],"about":[{"href":"https:\/\/librosdelaaxarquia.com\/index.php?rest_route=\/wp\/v2\/types\/page"}],"author":[{"embeddable":true,"href":"https:\/\/librosdelaaxarquia.com\/index.php?rest_route=\/wp\/v2\/users\/1"}],"replies":[{"embeddable":true,"href":"https:\/\/librosdelaaxarquia.com\/index.php?rest_route=%2Fwp%2Fv2%2Fcomments&post=637"}],"version-history":[{"count":5,"href":"https:\/\/librosdelaaxarquia.com\/index.php?rest_route=\/wp\/v2\/pages\/637\/revisions"}],"predecessor-version":[{"id":2093,"href":"https:\/\/librosdelaaxarquia.com\/index.php?rest_route=\/wp\/v2\/pages\/637\/revisions\/2093"}],"wp:attachment":[{"href":"https:\/\/librosdelaaxarquia.com\/index.php?rest_route=%2Fwp%2Fv2%2Fmedia&parent=637"}],"curies":[{"name":"wp","href":"https:\/\/api.w.org\/{rel}","templated":true}]}}