{"id":697,"date":"2025-11-09T21:48:40","date_gmt":"2025-11-09T20:48:40","guid":{"rendered":"https:\/\/librosdelaaxarquia.com\/?page_id=697"},"modified":"2025-12-04T23:22:44","modified_gmt":"2025-12-04T22:22:44","slug":"libro-notables-de-la-axarquia","status":"publish","type":"page","link":"https:\/\/librosdelaaxarquia.com\/?page_id=697","title":{"rendered":"NOTABLES DE LA AXARQU\u00cdA"},"content":{"rendered":"\n<figure class=\"wp-block-image aligncenter size-large is-resized\"><img loading=\"lazy\" decoding=\"async\" width=\"649\" height=\"1024\" src=\"https:\/\/librosdelaaxarquia.com\/wp-content\/uploads\/2025\/11\/NOTABL-1-649x1024.jpg\" alt=\"\" class=\"wp-image-698\" style=\"width:510px;height:auto\" srcset=\"https:\/\/librosdelaaxarquia.com\/wp-content\/uploads\/2025\/11\/NOTABL-1-649x1024.jpg 649w, https:\/\/librosdelaaxarquia.com\/wp-content\/uploads\/2025\/11\/NOTABL-1-190x300.jpg 190w, https:\/\/librosdelaaxarquia.com\/wp-content\/uploads\/2025\/11\/NOTABL-1-768x1212.jpg 768w, https:\/\/librosdelaaxarquia.com\/wp-content\/uploads\/2025\/11\/NOTABL-1.jpg 883w\" sizes=\"auto, (max-width: 649px) 100vw, 649px\" \/><\/figure>\n\n\n\n<p>COLECCI\u00d3N<a href=\"https:\/\/librosdelaaxarquia.com\/?page_id=50\" data-type=\"page\" data-id=\"50\"> <strong>GENERAL<\/strong><\/a>. (N\u00ba 10)<\/p>\n\n\n\n<p><strong>AUTOR<\/strong>: <a href=\"https:\/\/librosdelaaxarquia.com\/?page_id=518\" data-type=\"page\" data-id=\"518\">FRANCISCO MONTORO FERN\u00c1NDEZ<\/a><\/p>\n\n\n\n<p><strong>ISBN<\/strong>:  978-84-938732-5-7    D. L. <strong> MA<\/strong>-1684-2013<\/p>\n\n\n\n<p>N\u00famero de p\u00e1ginas: 356<\/p>\n\n\n\n<div style=\"height:9px\" aria-hidden=\"true\" class=\"wp-block-spacer\"><\/div>\n\n\n\n<figure class=\"wp-block-embed is-type-video is-provider-youtube wp-block-embed-youtube wp-embed-aspect-16-9 wp-has-aspect-ratio\"><div class=\"wp-block-embed__wrapper\">\n<iframe loading=\"lazy\" title=\"Spot Notables de la Axarqu\u00eda\" width=\"500\" height=\"281\" src=\"https:\/\/www.youtube.com\/embed\/xtU5Ac44QtQ?feature=oembed\" frameborder=\"0\" allow=\"accelerometer; autoplay; clipboard-write; encrypted-media; gyroscope; picture-in-picture; web-share\" referrerpolicy=\"strict-origin-when-cross-origin\" allowfullscreen><\/iframe>\n<\/div><\/figure>\n\n\n\n<div style=\"height:14px\" aria-hidden=\"true\" class=\"wp-block-spacer\"><\/div>\n\n\n\n<p>No es posible incluir en un libro todos los \u00abnotables\u00bb de la Axarqu\u00eda. Especialmente porque la expresi\u00f3n se hace extensiva a todas las \u00e9pocas, todas las caracter\u00edsticas y todos los campos que dan lugar a lo que llamamos <em>notabilidad.<\/em> Por tanto, se hac\u00eda preciso, ante el proyecto de este libro, acotar. Sobre todo por la manejabilidad, que, aunque pudiera no parecerlo, es un elemento indispensable a tener en cuenta. Son muchos los personajes que tendr\u00edan que estar por derecho propio en este libro. Y muchos de ellos no lo est\u00e1n. Much\u00edsimos. Y, sin escudarnos tras las dimensiones del ejemplar, debemos reconocer que, en muchos casos, no hemos podido llegar a toda la informaci\u00f3n que nos hubiese gustado. A veces por incapacidad personal.; y, a veces, porque el azar no nos ha permitido hallar el vivero donde los datos nos fuesen ofrecidos\u2026 Y somos conscientes de que algunos de los notables que se nos han escapado de estas p\u00e1ginas han quedado a escasos pelda\u00f1os de ser incluidos. En alguna ocasi\u00f3n, insisto, por nuestra insuficiente capacidad investigadora, en otras, por la ausencia de noticias que pudiesen encausar nuestra b\u00fasqueda, y, otras veces, incluso, porque los datos que han trascendido han sido insuficientes para despertar el inter\u00e9s merecido dentro de los m\u00e1rgenes que nos hemos marcado y, por tanto, se han difuminado&#8230; Lo que les puedo asegurar es que de cuantos ax\u00e1rquicos considerados \u201cnotables\u201d, de los que hemos logrado reunir datos suficientes, hemos efectuado su peque\u00f1a \u00abbiograf\u00eda\u00bb, y han encontrado su espacio entre estas p\u00e1ginas. A veces, lamentablemente, en lugar de \u201cbiograf\u00eda\u201d la informaci\u00f3n se ha visto reducida a una rese\u00f1a de \u201cbreves datos\u201d.<\/p>\n\n\n\n<p>Hemos establecido unos \u201capartados\u201d o secciones de notabilidad. De la ciencia, de las letras, de las artes\u2026 Pero las fronteras de esos apartados no siempre est\u00e1n claras. A veces alg\u00fan notable deber\u00eda estar enclavado en varias secciones. No siempre es f\u00e1cil encuadrarlos. Hay escritores que son pol\u00edticos, militares a los que les entusiasman las artes esc\u00e9nicas, religiosos que intervienen en la vida p\u00fablica, m\u00e9dicos a los que les gusta la Historia, docentes que escriben poemas\u2026 as\u00ed, nos enfrentamos a un resultado inevitable de personajes que, apareciendo en alg\u00fan apartado, quiz\u00e1s, a juicio del lector, cuadrara mejor en otro. Inevitable. O, al menos, nosotros no hemos sabido hacerlo de otra manera.<\/p>\n\n\n\n<p>As\u00ed mismo, en muchos casos, las noticias que han transcendido de determinados personajes, y, por tanto, las que hemos encontrado, son las positivas. Seguro que, de algunos de estos notables incluidos en el libro, habr\u00eda otras informaciones sobre conductas o caracter\u00edsticas menos l\u00facidas o deseables. Pero, aunque nuestro objetivo ha sido, en todo momento, destacar lo brillante y positivo de los ax\u00e1rquicos que han sobrepasado los moldes comunes, ello ha sido sin menoscabo de la verdad, y es por lo que, tambi\u00e9n aparecen, con nuestra letra impresa, personajes de conductas no edificantes, por aquello de aproximarnos, lo m\u00e1s posible, a la verdad hist\u00f3rica.<\/p>\n\n\n\n<div style=\"height:4px\" aria-hidden=\"true\" class=\"wp-block-spacer\"><\/div>\n\n\n\n<p class=\"has-text-align-center\"><strong>LA PRESENTADORA DEL LIBRO<\/strong><\/p>\n\n\n\n<p class=\"has-text-align-center\">(En Sal\u00f3n de Actos de Mancomunidad)<\/p>\n\n\n\n<figure class=\"wp-block-embed is-type-video is-provider-youtube wp-block-embed-youtube wp-embed-aspect-4-3 wp-has-aspect-ratio\"><div class=\"wp-block-embed__wrapper\">\n<iframe loading=\"lazy\" title=\"ANTONIA RUIZ OLIVA (NOTABLES)\" width=\"500\" height=\"375\" src=\"https:\/\/www.youtube.com\/embed\/dTRo6hdAF_c?feature=oembed\" frameborder=\"0\" allow=\"accelerometer; autoplay; clipboard-write; encrypted-media; gyroscope; picture-in-picture; web-share\" referrerpolicy=\"strict-origin-when-cross-origin\" allowfullscreen><\/iframe>\n<\/div><\/figure>\n\n\n\n<div style=\"height:2px\" aria-hidden=\"true\" class=\"wp-block-spacer\"><\/div>\n\n\n\n<p>El tema biogr\u00e1fico no nos resulta nuevo. Ya hicimos hace tres d\u00e9cadas una colecci\u00f3n de vele\u00f1os destacados, a la que llamamos <em>Cien Vele\u00f1os Notables<\/em> (1982), y, en el 2006, publicamos nuestro <em>Axarqu\u00eda<\/em>. <em>Patrimonio Humano Hist\u00f3rico<\/em> &#8211; que fue uno de los tomos del trabajo multidisciplinar titulado <em>Axarqu\u00eda<\/em>, que publicara el CEDER &#8211; como una primera colecci\u00f3n de notables de la comarca. Art\u00edculos insistentes, sobre el tema, los hemos publicado en los peri\u00f3dicos <em>Informaciuones de la Axarqu\u00eda<\/em>, <em>Informaciones de M\u00e1laga<\/em>, <em>La Prensa de la Axarqu\u00eda<\/em> y <em>Diario de la Axarqu\u00eda.<\/em> Todo ello confirma el hecho de que, para nosotros, el asunto no es nuevo. Siempre nos interes\u00f3, y contin\u00faa siendo una de nuestras l\u00edneas de trabajo. Notables de las ciencias, de las artes, del deporte, de la empresa, de la vida religiosa, de la cultura&#8230;, personas que han destacado en su contexto vital, llegando a alcanzar, en muchos casos, relevancia nacional. Personajes que nos hacen sentir, a los de estas tierras, leg\u00edtimamente orgullosos de ser ax\u00e1rquicos.<\/p>\n\n\n\n<p>Cuando empleamos la expresi\u00f3n \u201cnotables\u201d de la Axarqu\u00eda queremos hacerlo de un modo no excluyente. Es decir, hay casos especiales de personajes que no han tenido por cuna esta comarca, y, sin embargo, debemos considerarlos ax\u00e1rquicos. Personas que vivieron en estas tierras, que laboraron aqu\u00ed, que desarrollaron en estos lares sus cualidades diferenciadoras\u2026 Personas a las que, a no dudar, &nbsp;la Axarqu\u00eda supone su referencia vital, y esconder eso no ser\u00eda justo, ni para \u00e9l, ni para los dem\u00e1s. As\u00ed pues, junto a los ax\u00e1rquicos de cuna, nos vemos impelidos a incluir otros que tienen, para ello, tanto m\u00e9rito, o m\u00e1s, que los anteriores. Y en este sentido ofrecemos un repertorio ampliado, con nombres cuyas cunas les reclamar\u00e1n en otros espacios y que, l\u00f3gicamente, ser\u00e1 justo compartir con otras geograf\u00edas.<\/p>\n\n\n\n<div style=\"height:8px\" aria-hidden=\"true\" class=\"wp-block-spacer\"><\/div>\n\n\n\n<p class=\"has-text-align-center\"><strong>EL AUTOR DE LA PORTADA<\/strong><\/p>\n\n\n\n<figure class=\"wp-block-embed is-type-video is-provider-youtube wp-block-embed-youtube wp-embed-aspect-4-3 wp-has-aspect-ratio\"><div class=\"wp-block-embed__wrapper\">\n<iframe loading=\"lazy\" title=\"EVARISTO Presentacion del libro NOTABLES\" width=\"500\" height=\"375\" src=\"https:\/\/www.youtube.com\/embed\/R8sUZMG8ZGA?feature=oembed\" frameborder=\"0\" allow=\"accelerometer; autoplay; clipboard-write; encrypted-media; gyroscope; picture-in-picture; web-share\" referrerpolicy=\"strict-origin-when-cross-origin\" allowfullscreen><\/iframe>\n<\/div><\/figure>\n\n\n\n<div style=\"height:7px\" aria-hidden=\"true\" class=\"wp-block-spacer\"><\/div>\n\n\n\n<p>Y como la ciencia y la investigaci\u00f3n avanza siguiendo caminos lineales, del mismo modo que Antonio Segovia Lobillo, por ejemplo, se apoy\u00f3, en su d\u00eda, en nuestro <em>Cien Vele\u00f1os Notables,<\/em> para su libro <em>Escritores y Literatos de la Axarqu\u00eda<\/em>,.y otros.se apoyaron en \u00e9l, nosotros ahora, hemos contado con sus libros para la construcci\u00f3n de parte de la presente obra. As\u00ed se escribe la Historia. Y avanzamos. Otros vendr\u00e1n que nos completen y mejoren en el futuro, que, esperemos, sea m\u00e1s pronto que tarde.<\/p>\n\n\n\n<div style=\"height:2px\" aria-hidden=\"true\" class=\"wp-block-spacer\"><\/div>\n\n\n\n<div style=\"height:0px\" aria-hidden=\"true\" class=\"wp-block-spacer\"><\/div>\n\n\n\n<p class=\"has-text-align-center\"><strong>EL AUTOR DEL LIBRO<\/strong><\/p>\n\n\n\n<figure class=\"wp-block-embed is-type-video is-provider-youtube wp-block-embed-youtube wp-embed-aspect-4-3 wp-has-aspect-ratio\"><div class=\"wp-block-embed__wrapper\">\n<iframe loading=\"lazy\" title=\"EL AUTOR  Libro Notables\" width=\"500\" height=\"375\" src=\"https:\/\/www.youtube.com\/embed\/TCAvZINd5K0?feature=oembed\" frameborder=\"0\" allow=\"accelerometer; autoplay; clipboard-write; encrypted-media; gyroscope; picture-in-picture; web-share\" referrerpolicy=\"strict-origin-when-cross-origin\" allowfullscreen><\/iframe>\n<\/div><\/figure>\n\n\n\n<div style=\"height:3px\" aria-hidden=\"true\" class=\"wp-block-spacer\"><\/div>\n\n\n\n<p>Finalmente se\u00f1alar que hemos utilizado la f\u00f3rmula de separaci\u00f3n en parcelas y, dentro de ellas, el orden cronol\u00f3gico. Cuando alguna fecha trascendental (nacimiento o muerte) no la hemos podido concretar, lo manifestamos mediante \u201cS.d.\u201d (Sin determinar).<\/p>\n\n\n\n<div style=\"height:3px\" aria-hidden=\"true\" class=\"wp-block-spacer\"><\/div>\n\n\n\n<p class=\"has-text-align-center\"><strong>EL PRESIDENTE DE LA MANCOMUNIDAD<\/strong><\/p>\n\n\n\n<figure class=\"wp-block-embed is-type-video is-provider-youtube wp-block-embed-youtube wp-embed-aspect-4-3 wp-has-aspect-ratio\"><div class=\"wp-block-embed__wrapper\">\n<iframe loading=\"lazy\" title=\"OSCAR MEDINA en NOTABLES\" width=\"500\" height=\"375\" src=\"https:\/\/www.youtube.com\/embed\/QiXNci1z6iQ?feature=oembed\" frameborder=\"0\" allow=\"accelerometer; autoplay; clipboard-write; encrypted-media; gyroscope; picture-in-picture; web-share\" referrerpolicy=\"strict-origin-when-cross-origin\" allowfullscreen><\/iframe>\n<\/div><\/figure>\n\n\n\n<div style=\"height:7px\" aria-hidden=\"true\" class=\"wp-block-spacer\"><\/div>\n\n\n\n<p>Ni que decir que, cada lector, comenzar\u00e1 el libro por donde le plazca, por donde sus intereses o afinidades le atraigan, por las \u00e9pocas, localidades, apellidos o motivos que pudieran ponerle en actitud lectora. A todos les ayudar\u00e1n los \u00edndices aportados al final.<\/p>\n\n\n\n<p>Y quien, con constancia, lea el libro \u00edntegramente, le podermos augurar que, a t\u00e9rmino, ver\u00e1 crecido su amor a esta tierra del sur peninsular y oriente malague\u00f1o, y, por tanto, su respeto hacia ella y el deseo de defenderla y ponderarla con justicia. <\/p>\n\n\n\n<div style=\"height:3px\" aria-hidden=\"true\" class=\"wp-block-spacer\"><\/div>\n\n\n\n<p class=\"has-text-align-center\"><strong>ACTO COMPLETO DE PRESENTACI\u00d3N DEL LIBRO<\/strong><\/p>\n\n\n\n<p class=\"has-text-align-center\">(Sal\u00f3n de actos de Mancomunidad)<\/p>\n\n\n\n<figure class=\"wp-block-embed is-type-video is-provider-youtube wp-block-embed-youtube wp-embed-aspect-4-3 wp-has-aspect-ratio\"><div class=\"wp-block-embed__wrapper\">\n<iframe loading=\"lazy\" title=\"NOTABLES DE LA AXARQU\u00cdA\" width=\"500\" height=\"375\" src=\"https:\/\/www.youtube.com\/embed\/1zNsp7fNbFw?feature=oembed\" frameborder=\"0\" allow=\"accelerometer; autoplay; clipboard-write; encrypted-media; gyroscope; picture-in-picture; web-share\" referrerpolicy=\"strict-origin-when-cross-origin\" allowfullscreen><\/iframe>\n<\/div><\/figure>\n\n\n\n<div style=\"height:24px\" aria-hidden=\"true\" class=\"wp-block-spacer\"><\/div>\n\n\n\n<figure class=\"wp-block-image size-large\"><img loading=\"lazy\" decoding=\"async\" width=\"1024\" height=\"559\" src=\"https:\/\/librosdelaaxarquia.com\/wp-content\/uploads\/2025\/12\/NOTABLES-1024x559.jpg\" alt=\"\" class=\"wp-image-2100\" srcset=\"https:\/\/librosdelaaxarquia.com\/wp-content\/uploads\/2025\/12\/NOTABLES-1024x559.jpg 1024w, https:\/\/librosdelaaxarquia.com\/wp-content\/uploads\/2025\/12\/NOTABLES-300x164.jpg 300w, https:\/\/librosdelaaxarquia.com\/wp-content\/uploads\/2025\/12\/NOTABLES-768x420.jpg 768w, https:\/\/librosdelaaxarquia.com\/wp-content\/uploads\/2025\/12\/NOTABLES.jpg 1168w\" sizes=\"auto, (max-width: 1024px) 100vw, 1024px\" \/><\/figure>\n","protected":false},"excerpt":{"rendered":"<p>COLECCI\u00d3N GENERAL. (N\u00ba 10) AUTOR: FRANCISCO MONTORO FERN\u00c1NDEZ ISBN: 978-84-938732-5-7 D. L. MA-1684-2013 N\u00famero de p\u00e1ginas: 356 No es posible incluir en un libro todos los \u00abnotables\u00bb de la Axarqu\u00eda. Especialmente porque la expresi\u00f3n se hace extensiva a todas las \u00e9pocas, todas las caracter\u00edsticas y todos los campos que dan lugar a lo que llamamos [&hellip;]<\/p>\n","protected":false},"author":1,"featured_media":0,"parent":0,"menu_order":0,"comment_status":"closed","ping_status":"closed","template":"","meta":{"footnotes":""},"class_list":["post-697","page","type-page","status-publish","hentry"],"_links":{"self":[{"href":"https:\/\/librosdelaaxarquia.com\/index.php?rest_route=\/wp\/v2\/pages\/697","targetHints":{"allow":["GET"]}}],"collection":[{"href":"https:\/\/librosdelaaxarquia.com\/index.php?rest_route=\/wp\/v2\/pages"}],"about":[{"href":"https:\/\/librosdelaaxarquia.com\/index.php?rest_route=\/wp\/v2\/types\/page"}],"author":[{"embeddable":true,"href":"https:\/\/librosdelaaxarquia.com\/index.php?rest_route=\/wp\/v2\/users\/1"}],"replies":[{"embeddable":true,"href":"https:\/\/librosdelaaxarquia.com\/index.php?rest_route=%2Fwp%2Fv2%2Fcomments&post=697"}],"version-history":[{"count":5,"href":"https:\/\/librosdelaaxarquia.com\/index.php?rest_route=\/wp\/v2\/pages\/697\/revisions"}],"predecessor-version":[{"id":2102,"href":"https:\/\/librosdelaaxarquia.com\/index.php?rest_route=\/wp\/v2\/pages\/697\/revisions\/2102"}],"wp:attachment":[{"href":"https:\/\/librosdelaaxarquia.com\/index.php?rest_route=%2Fwp%2Fv2%2Fmedia&parent=697"}],"curies":[{"name":"wp","href":"https:\/\/api.w.org\/{rel}","templated":true}]}}