{"id":701,"date":"2025-11-09T21:58:45","date_gmt":"2025-11-09T20:58:45","guid":{"rendered":"https:\/\/librosdelaaxarquia.com\/?page_id=701"},"modified":"2025-12-04T23:27:21","modified_gmt":"2025-12-04T22:27:21","slug":"libro-las-calles-de-la-ciudad-de-velez-malaga","status":"publish","type":"page","link":"https:\/\/librosdelaaxarquia.com\/?page_id=701","title":{"rendered":"LAS CALLES DE LA CIUDAD DE V\u00c9LEZ-M\u00c1LAGA"},"content":{"rendered":"\n<figure class=\"wp-block-image aligncenter size-full is-resized\"><img loading=\"lazy\" decoding=\"async\" width=\"430\" height=\"687\" src=\"https:\/\/librosdelaaxarquia.com\/wp-content\/uploads\/2025\/11\/PORTADA-Puri_001-4.jpg\" alt=\"\" class=\"wp-image-702\" style=\"width:508px;height:auto\" srcset=\"https:\/\/librosdelaaxarquia.com\/wp-content\/uploads\/2025\/11\/PORTADA-Puri_001-4.jpg 430w, https:\/\/librosdelaaxarquia.com\/wp-content\/uploads\/2025\/11\/PORTADA-Puri_001-4-188x300.jpg 188w\" sizes=\"auto, (max-width: 430px) 100vw, 430px\" \/><\/figure>\n\n\n\n<div style=\"height:22px\" aria-hidden=\"true\" class=\"wp-block-spacer\"><\/div>\n\n\n\n<p><strong>AUTORA:<\/strong> <a href=\"https:\/\/librosdelaaxarquia.com\/?page_id=469\" data-type=\"page\" data-id=\"469\">PURIFICACI\u00d3N RUIZ GARC\u00cdA<\/a><\/p>\n\n\n\n<p>COLECCI\u00d3N <strong><a href=\"https:\/\/librosdelaaxarquia.com\/?page_id=50\" data-type=\"page\" data-id=\"50\">GENERAL.<\/a><\/strong> (N\u00ba 9)<\/p>\n\n\n\n<p><strong>ISBN<\/strong>: 978-84-938732-6-4 <strong>D. L.<\/strong> MA 531-2014<\/p>\n\n\n\n<p>N\u00famero de p\u00e1ginas:  2l6<\/p>\n\n\n\n<div style=\"height:12px\" aria-hidden=\"true\" class=\"wp-block-spacer\"><\/div>\n\n\n\n<figure class=\"wp-block-embed is-type-video is-provider-youtube wp-block-embed-youtube wp-embed-aspect-16-9 wp-has-aspect-ratio\"><div class=\"wp-block-embed__wrapper\">\n<iframe loading=\"lazy\" title=\"LIBRO CALLES VELEZ\" width=\"500\" height=\"281\" src=\"https:\/\/www.youtube.com\/embed\/LvgzoMOPkdE?feature=oembed\" frameborder=\"0\" allow=\"accelerometer; autoplay; clipboard-write; encrypted-media; gyroscope; picture-in-picture; web-share\" referrerpolicy=\"strict-origin-when-cross-origin\" allowfullscreen><\/iframe>\n<\/div><\/figure>\n\n\n\n<div style=\"height:3px\" aria-hidden=\"true\" class=\"wp-block-spacer\"><\/div>\n\n\n\n<p>Las calles son las venas y las arterias de los espacios urbanos, los canales sensibles por donde circulan las personas, los veh\u00edculos, las vivencias y las ideas que se mueven a nuestro alrededor\u2026 \u00a1Ellas son, a no dudar, las que m\u00e1s saben de nuestra historia real del cada d\u00eda!&#8230; Los que vivimos en las ciudades, a veces, desconocemos que el espacio que va entre edificios y solares a ambos lados, adem\u00e1s de veh\u00edculos y personas, transportan por el subsuelo las redes indispensables de alcantarillado, agua, gas, telecomunicaciones\u2026 Todo un mundo indispensable para la vida actual. &nbsp;&nbsp;&nbsp;&nbsp;Estamos ante un espacio vital que es de longitud indefinida, que, de vez en cuando, se ve interrumpida por el cruce con otras calles, y que, a su t\u00e9rmino, desemboca&nbsp; en una&nbsp;<a href=\"https:\/\/es.wikipedia.org\/wiki\/Plaza\">plaza<\/a>, en un&nbsp;<a href=\"https:\/\/es.wikipedia.org\/wiki\/Parque_urbano\">parque urbano<\/a> o en otra calle, etc. Solo al final la&nbsp;<a href=\"https:\/\/es.wikipedia.org\/wiki\/Ciudad\">ciudad<\/a>, hay calles que&nbsp;limitan&nbsp;con el&nbsp;<a href=\"https:\/\/es.wikipedia.org\/wiki\/Campo_(agricultura)\">campo<\/a>.<\/p>\n\n\n\n<p>La calle es un espacio p\u00fablico que act\u00faa de camino para unir distintos sitios de la poblaci\u00f3n, y se convierte en un verdadero soporte de la vida ciudadana (ir a casa, al trabajo, a la escuela\u2026) que cobra valor en variad\u00edsimas actividades sociales y p\u00fablicas (procesiones, manifestaciones, desfiles\u2026) y acogen ferias, mercadillos, fiestas populares\u2026, resultando sost\u00e9n indispensable para el \u201cpaseo\u201d, el \u201cjuego infantil\u201d, el \u201ccomercio\u201d y el conjunto de los servicios urbanos.<\/p>\n\n\n\n<p>Por ello las calles son testigos de nuestra historia. Junto a las dimensiones longitudinales y las infraestructuras asociadas, nos acompa\u00f1a a los ciudadanos un mobiliario urbano que resulta \u201cfamiliar\u201d (farolas, \u00e1rboles, bancos\u2026)&nbsp; y una colecci\u00f3n de usos de primera magnitud: comercio, informaci\u00f3n, arte, cultura\u2026 \u00a1todo un escenario que define nuestra manera y forma de vivir!<\/p>\n\n\n\n<p>Pero las calles, adem\u00e1s, tienen historia. Cu\u00e1ndo se forma, c\u00f3mo se le llama, para qu\u00e9 surge, qui\u00e9n vive all\u00ed\u2026 Las calles se identifican con sus habitantes y les confieren una cierta idiosincrasia. Y con los a\u00f1os evolucionan, crecen, recomienzan, decaen, se reactivan\u2026, incluso languidecen o mueren.<\/p>\n\n\n\n<p>De todo ello nos habla Purificaci\u00f3n Ruiz en su libro <em>Las calles de la ciudad de V\u00e9lez-M\u00e1laga. <\/em>Un libro que nos descubre la localizaci\u00f3n, los or\u00edgenes y la historia de nuestras calles. Un libro que inicia el largo camino de conocer en profundidad estos espacios urbanos esenciales para saber c\u00f3mo somos, por qu\u00e9 somos as\u00ed, y c\u00f3mo, previsiblemente, seremos en el futuro. Un libro para informarnos de nuestra realidad m\u00e1s cercana, hacernos asequible lo que, por cotidiano, se nos antoja como misterioso, indescifrable, oscuro, permiti\u00e9n-donos desentra\u00f1ar aspectos que a todos nos interesan y nos afectan. \u00bfPor qu\u00e9 la calle donde vivo se llama as\u00ed? \u00bfC\u00f3mo se llam\u00f3 en otro tiempo a esta calle? \u00bfSiempre tuvo esta misma forma y dimensi\u00f3n?, etc., etc.<\/p>\n\n\n\n<p>La mirada atenta de Puri a cada espacio urbano de la capital de la Axarqu\u00eda, se ha focalizado en esta ocasi\u00f3n a las calles del n\u00facleo central del municipio, como un primer paso, que aspira en el futuro a ser completado con el resto de los n\u00facleos de la realidad municipal. Durante a\u00f1os ha ido anotando cuanto ha encontrado entre los documentos que la rodean sobre la historia de las calles que hoy nos ofrece en este trabajo meticuloso y atinado. Sus p\u00e1ginas se iluminan con numerosas sorpresas y explicaciones que deleitan al lector y le dan consistencia e informaci\u00f3n al ciudadano.<\/p>\n\n\n\n<p>La experiencia investigadora de Purificaci\u00f3n Ruiz ha jugado una buena baza en esta labor de constancia, b\u00fasqueda, intuiciones y descubrimientos. El producto final es un libro indispensable para los vele\u00f1os que quieren conocer su ciudad, lo que, como hemos dicho tantas veces, es condici\u00f3n indispensable para quererla, y en consecuencia, defenderla y mejorarla<\/p>\n\n\n\n<p><em>Las Calles de la Ciudad de V\u00e9lez-M\u00e1laga <\/em>es un libro ejemplar, \u00fatil, ameno y que despejar\u00e1 muchas de las dudas hist\u00f3ricas y urbanas de cuantos nacimos, vivimos o laboramos aqu\u00ed.<\/p>\n\n\n\n<div style=\"height:7px\" aria-hidden=\"true\" class=\"wp-block-spacer\"><\/div>\n\n\n\n<p class=\"has-text-align-center\"><strong>ACTO DE PRESENTACI\u00d3N DEL LIBRO<\/strong><\/p>\n\n\n\n<figure class=\"wp-block-embed is-type-video is-provider-youtube wp-block-embed-youtube wp-embed-aspect-4-3 wp-has-aspect-ratio\"><div class=\"wp-block-embed__wrapper\">\n<iframe loading=\"lazy\" title=\"LAS CALLES  DE V\u00c9LEZ-M\u00c1LAGA\" width=\"500\" height=\"375\" src=\"https:\/\/www.youtube.com\/embed\/2QqrVAmel3w?feature=oembed\" frameborder=\"0\" allow=\"accelerometer; autoplay; clipboard-write; encrypted-media; gyroscope; picture-in-picture; web-share\" referrerpolicy=\"strict-origin-when-cross-origin\" allowfullscreen><\/iframe>\n<\/div><\/figure>\n\n\n\n<div style=\"height:20px\" aria-hidden=\"true\" class=\"wp-block-spacer\"><\/div>\n\n\n\n<figure class=\"wp-block-image size-large\"><img loading=\"lazy\" decoding=\"async\" width=\"1024\" height=\"592\" src=\"https:\/\/librosdelaaxarquia.com\/wp-content\/uploads\/2025\/12\/PORTADA-Puri_001-1-1024x592.jpg\" alt=\"\" class=\"wp-image-2106\" srcset=\"https:\/\/librosdelaaxarquia.com\/wp-content\/uploads\/2025\/12\/PORTADA-Puri_001-1-1024x592.jpg 1024w, https:\/\/librosdelaaxarquia.com\/wp-content\/uploads\/2025\/12\/PORTADA-Puri_001-1-300x173.jpg 300w, https:\/\/librosdelaaxarquia.com\/wp-content\/uploads\/2025\/12\/PORTADA-Puri_001-1-768x444.jpg 768w, https:\/\/librosdelaaxarquia.com\/wp-content\/uploads\/2025\/12\/PORTADA-Puri_001-1.jpg 1195w\" sizes=\"auto, (max-width: 1024px) 100vw, 1024px\" \/><\/figure>\n","protected":false},"excerpt":{"rendered":"<p>AUTORA: PURIFICACI\u00d3N RUIZ GARC\u00cdA COLECCI\u00d3N GENERAL. (N\u00ba 9) ISBN: 978-84-938732-6-4 D. L. MA 531-2014 N\u00famero de p\u00e1ginas: 2l6 Las calles son las venas y las arterias de los espacios urbanos, los canales sensibles por donde circulan las personas, los veh\u00edculos, las vivencias y las ideas que se mueven a nuestro alrededor\u2026 \u00a1Ellas son, a no [&hellip;]<\/p>\n","protected":false},"author":1,"featured_media":0,"parent":0,"menu_order":0,"comment_status":"closed","ping_status":"closed","template":"","meta":{"footnotes":""},"class_list":["post-701","page","type-page","status-publish","hentry"],"_links":{"self":[{"href":"https:\/\/librosdelaaxarquia.com\/index.php?rest_route=\/wp\/v2\/pages\/701","targetHints":{"allow":["GET"]}}],"collection":[{"href":"https:\/\/librosdelaaxarquia.com\/index.php?rest_route=\/wp\/v2\/pages"}],"about":[{"href":"https:\/\/librosdelaaxarquia.com\/index.php?rest_route=\/wp\/v2\/types\/page"}],"author":[{"embeddable":true,"href":"https:\/\/librosdelaaxarquia.com\/index.php?rest_route=\/wp\/v2\/users\/1"}],"replies":[{"embeddable":true,"href":"https:\/\/librosdelaaxarquia.com\/index.php?rest_route=%2Fwp%2Fv2%2Fcomments&post=701"}],"version-history":[{"count":5,"href":"https:\/\/librosdelaaxarquia.com\/index.php?rest_route=\/wp\/v2\/pages\/701\/revisions"}],"predecessor-version":[{"id":2107,"href":"https:\/\/librosdelaaxarquia.com\/index.php?rest_route=\/wp\/v2\/pages\/701\/revisions\/2107"}],"wp:attachment":[{"href":"https:\/\/librosdelaaxarquia.com\/index.php?rest_route=%2Fwp%2Fv2%2Fmedia&parent=701"}],"curies":[{"name":"wp","href":"https:\/\/api.w.org\/{rel}","templated":true}]}}