{"id":705,"date":"2025-11-09T22:08:32","date_gmt":"2025-11-09T21:08:32","guid":{"rendered":"https:\/\/librosdelaaxarquia.com\/?page_id=705"},"modified":"2025-12-04T23:31:33","modified_gmt":"2025-12-04T22:31:33","slug":"libro-el-cura-galeote","status":"publish","type":"page","link":"https:\/\/librosdelaaxarquia.com\/?page_id=705","title":{"rendered":"EL CURA GALEOTE"},"content":{"rendered":"\n<figure class=\"wp-block-image aligncenter size-full is-resized\"><img loading=\"lazy\" decoding=\"async\" width=\"418\" height=\"664\" src=\"https:\/\/librosdelaaxarquia.com\/wp-content\/uploads\/2025\/11\/PORTADA_001-copia-2.jpg\" alt=\"\" class=\"wp-image-706\" style=\"width:538px;height:auto\" srcset=\"https:\/\/librosdelaaxarquia.com\/wp-content\/uploads\/2025\/11\/PORTADA_001-copia-2.jpg 418w, https:\/\/librosdelaaxarquia.com\/wp-content\/uploads\/2025\/11\/PORTADA_001-copia-2-189x300.jpg 189w\" sizes=\"auto, (max-width: 418px) 100vw, 418px\" \/><\/figure>\n\n\n\n<div style=\"height:9px\" aria-hidden=\"true\" class=\"wp-block-spacer\"><\/div>\n\n\n\n<p>AUTOR: <a href=\"https:\/\/librosdelaaxarquia.com\/?page_id=518\" data-type=\"page\" data-id=\"518\">FRANCISCO MONTORO FERN\u00c1NDEZ<\/a><\/p>\n\n\n\n<p>COLECCI\u00d3N<strong> <a href=\"http:\/\/GENERAL\">GENERAL<\/a><\/strong>. (N\u00ba 12)<\/p>\n\n\n\n<p><strong>ISBN<\/strong>: 978-84-938732-7-1  <strong> D. L<\/strong>.  MA  44-2015<\/p>\n\n\n\n<p>N\u00famero de p\u00e1ginas:  300.<\/p>\n\n\n\n<div style=\"height:12px\" aria-hidden=\"true\" class=\"wp-block-spacer\"><\/div>\n\n\n\n<figure class=\"wp-block-embed is-type-video is-provider-youtube wp-block-embed-youtube wp-embed-aspect-4-3 wp-has-aspect-ratio\"><div class=\"wp-block-embed__wrapper\">\n<iframe loading=\"lazy\" title=\"SPOT EL CURA GALEOTE\" width=\"500\" height=\"375\" src=\"https:\/\/www.youtube.com\/embed\/v8Ya424N3YI?feature=oembed\" frameborder=\"0\" allow=\"accelerometer; autoplay; clipboard-write; encrypted-media; gyroscope; picture-in-picture; web-share\" referrerpolicy=\"strict-origin-when-cross-origin\" allowfullscreen><\/iframe>\n<\/div><\/figure>\n\n\n\n<div style=\"height:4px\" aria-hidden=\"true\" class=\"wp-block-spacer\"><\/div>\n\n\n\n<p>A veces la realidad supera a la ficci\u00f3n. Uno de estos casos es de lo que trata este libro. Lo sucedido, en tiempo y forma, configura un relato tan novelesco y extraordinario, tan llamativo y sorprendente, que se dijera sacado de un libro inventado, de una historieta para distraer, de una narraci\u00f3n para admirar. Esta es la historia del Cura Galeote. Una historia cargada de pasiones, arrebatos, sorpresas, desgarros, intolerancias, suspicacias, sexo, muerte, esc\u00e1ndalo, etc., etc., en un \u201ctotum revolutum\u201d que no da lugar al sosiego. Una historia que no deja indiferente a ning\u00fan lector, que admira, sorprende y nos hace reflexionar.<\/p>\n\n\n\n<p>Aunque de ni\u00f1o o\u00ed hablar en V\u00e9lez-M\u00e1laga, en muchas ocasiones, del cura Galeote, &#8211; un sacerdote que se hizo famoso por un crimen cometido all\u00e1 en los a\u00f1os finales del siglo XIX &#8211; fue mientras preparaba mi libro <em>Bandoleros de la Axarqu\u00eda<\/em> cuando me top\u00e9 de bruces con el tema. En el Archivo D\u00edaz Escobar de M\u00e1laga, consultando su extraordinaria hemeroteca, y buceando en el a\u00f1o de 1886 en el que se produce la extinci\u00f3n de la famosa partida de Melgares y el Bizco, me vi frente a los grandes titulares del Domingo de Ramos en Madrid, en el que, un sacerdote de V\u00e9lez-M\u00e1laga, hab\u00eda tiroteado, a las puertas de la catedral, a su propio obispo. Las noticias eran tan abundantes que, a medida que pas\u00e1bamos las hojas de los peri\u00f3dicos, tuvimos que duplicar el fichado de los datos y, mientras localiz\u00e1bamos, por un lado, las informaciones de la partida de bandoleros, registr\u00e1bamos, por otro, las noticias del famoso cura y su \u201caffer\u201d.<\/p>\n\n\n\n<div style=\"height:2px\" aria-hidden=\"true\" class=\"wp-block-spacer\"><\/div>\n\n\n\n<p class=\"has-text-align-center\"><strong>INTERVENCI\u00d3N DEL AUTOR<\/strong><\/p>\n\n\n\n<p class=\"has-text-align-center\">(En la presentaci\u00f3n del libro)<\/p>\n\n\n\n<div style=\"height:0px\" aria-hidden=\"true\" class=\"wp-block-spacer\"><\/div>\n\n\n\n<figure class=\"wp-block-embed is-type-video is-provider-youtube wp-block-embed-youtube wp-embed-aspect-4-3 wp-has-aspect-ratio\"><div class=\"wp-block-embed__wrapper\">\n<iframe loading=\"lazy\" title=\"AUTOR en CURA GALEOTE\" width=\"500\" height=\"375\" src=\"https:\/\/www.youtube.com\/embed\/ejVUAcHur68?feature=oembed\" frameborder=\"0\" allow=\"accelerometer; autoplay; clipboard-write; encrypted-media; gyroscope; picture-in-picture; web-share\" referrerpolicy=\"strict-origin-when-cross-origin\" allowfullscreen><\/iframe>\n<\/div><\/figure>\n\n\n\n<div style=\"height:5px\" aria-hidden=\"true\" class=\"wp-block-spacer\"><\/div>\n\n\n\n<p>Con el tiempo fuimos recopilando bibliograf\u00eda, recogiendo noticias e interpretaciones enriquecedoras, as\u00ed como an\u00e1lisis cuidadosos de este crimen tan se\u00f1alado, de su repercusi\u00f3n en la Espa\u00f1a del momento, en la Iglesia, en Madrid, y, \u00bfpor qu\u00e9 no?, en V\u00e9lez-M\u00e1laga. Ahora que el tiempo nos lo permite, y, a nuestro entender,&nbsp; la maduraci\u00f3n del asunto ha progresado lo suficiente, hemos dedicado unos meses a poner en orden nuestras notas, a leer cuanto hemos acumulado que se publicara en su tiempo, y con posterioridad, y a redactar nuestra versi\u00f3n que, creemos, es una cuidadosa aproximaci\u00f3n a la realidad. Algo as\u00ed como la verdadera historia de lo que ocurri\u00f3. Que, sin escatimarle los elementos anecd\u00f3ticos que tuvo, nos d\u00e9 una visi\u00f3n cierta, ponderada, y detallada, del suceso. Una visi\u00f3n que trata de mostrarnos c\u00f3mo se vieron involucrados los m\u00e1s variados \u00e1mbitos de la pol\u00edtica, la Iglesia, la medicina, la prensa, el clero, la justicia\u2026<\/p>\n\n\n\n<p>Es dif\u00edcil que el lector que inicie su recorrido por el libro, lo abandone sin llegar a su t\u00e9rmino. Es una historia apasionante, sorpresiva, llena de morbo, que hemos tratado de secuenciar de la manera m\u00e1s inteligible posible, a pesar de sus m\u00faltiples escollos y variables. Una historia para ser conocida, analizada, comprendida y meditada. Una historia \u201cpara no dormir\u201d, o, para dormir mejor, seg\u00fan se mire. Una historia con todos los componentes y aditamentos de un extraordinario y actual \u201cbest seller\u201d.<\/p>\n\n\n\n<p>La diferencia con un hecho novelado, con una historia de un guion cinematogr\u00e1fico al mejor estilo de nuestro tiempo, es que lo ocurrido en Madrid en la primavera de 1886 con el Cura Galeote, fue una historia real. Sorprendente y extremadamente real.<\/p>\n\n\n\n<div style=\"height:4px\" aria-hidden=\"true\" class=\"wp-block-spacer\"><\/div>\n\n\n\n<p class=\"has-text-align-center\"><strong>ACTO COMPLETO DE PRESENTACI\u00d3N DEL LIBRO<\/strong><\/p>\n\n\n\n<p class=\"has-text-align-center\">(C\u00e1mara de Comercio de M\u00e1laga, 26.3.2015)<\/p>\n\n\n\n<figure class=\"wp-block-embed is-type-video is-provider-youtube wp-block-embed-youtube wp-embed-aspect-4-3 wp-has-aspect-ratio\"><div class=\"wp-block-embed__wrapper\">\n<iframe loading=\"lazy\" title=\"EL CURA GALEOTE\" width=\"500\" height=\"375\" src=\"https:\/\/www.youtube.com\/embed\/6pHsWb3IOK4?feature=oembed\" frameborder=\"0\" allow=\"accelerometer; autoplay; clipboard-write; encrypted-media; gyroscope; picture-in-picture; web-share\" referrerpolicy=\"strict-origin-when-cross-origin\" allowfullscreen><\/iframe>\n<\/div><\/figure>\n\n\n\n<div style=\"height:26px\" aria-hidden=\"true\" class=\"wp-block-spacer\"><\/div>\n\n\n\n<figure class=\"wp-block-image size-large\"><img loading=\"lazy\" decoding=\"async\" width=\"1024\" height=\"580\" src=\"https:\/\/librosdelaaxarquia.com\/wp-content\/uploads\/2025\/12\/12-CURA-GALEOTE-1024x580.jpg\" alt=\"\" class=\"wp-image-2109\" srcset=\"https:\/\/librosdelaaxarquia.com\/wp-content\/uploads\/2025\/12\/12-CURA-GALEOTE-1024x580.jpg 1024w, https:\/\/librosdelaaxarquia.com\/wp-content\/uploads\/2025\/12\/12-CURA-GALEOTE-300x170.jpg 300w, https:\/\/librosdelaaxarquia.com\/wp-content\/uploads\/2025\/12\/12-CURA-GALEOTE-768x435.jpg 768w, https:\/\/librosdelaaxarquia.com\/wp-content\/uploads\/2025\/12\/12-CURA-GALEOTE-1536x869.jpg 1536w, https:\/\/librosdelaaxarquia.com\/wp-content\/uploads\/2025\/12\/12-CURA-GALEOTE-2048x1159.jpg 2048w\" sizes=\"auto, (max-width: 1024px) 100vw, 1024px\" \/><\/figure>\n","protected":false},"excerpt":{"rendered":"<p>AUTOR: FRANCISCO MONTORO FERN\u00c1NDEZ COLECCI\u00d3N GENERAL. (N\u00ba 12) ISBN: 978-84-938732-7-1 D. L. MA 44-2015 N\u00famero de p\u00e1ginas: 300. A veces la realidad supera a la ficci\u00f3n. Uno de estos casos es de lo que trata este libro. Lo sucedido, en tiempo y forma, configura un relato tan novelesco y extraordinario, tan llamativo y sorprendente, que [&hellip;]<\/p>\n","protected":false},"author":1,"featured_media":0,"parent":0,"menu_order":0,"comment_status":"closed","ping_status":"closed","template":"","meta":{"footnotes":""},"class_list":["post-705","page","type-page","status-publish","hentry"],"_links":{"self":[{"href":"https:\/\/librosdelaaxarquia.com\/index.php?rest_route=\/wp\/v2\/pages\/705","targetHints":{"allow":["GET"]}}],"collection":[{"href":"https:\/\/librosdelaaxarquia.com\/index.php?rest_route=\/wp\/v2\/pages"}],"about":[{"href":"https:\/\/librosdelaaxarquia.com\/index.php?rest_route=\/wp\/v2\/types\/page"}],"author":[{"embeddable":true,"href":"https:\/\/librosdelaaxarquia.com\/index.php?rest_route=\/wp\/v2\/users\/1"}],"replies":[{"embeddable":true,"href":"https:\/\/librosdelaaxarquia.com\/index.php?rest_route=%2Fwp%2Fv2%2Fcomments&post=705"}],"version-history":[{"count":5,"href":"https:\/\/librosdelaaxarquia.com\/index.php?rest_route=\/wp\/v2\/pages\/705\/revisions"}],"predecessor-version":[{"id":2110,"href":"https:\/\/librosdelaaxarquia.com\/index.php?rest_route=\/wp\/v2\/pages\/705\/revisions\/2110"}],"wp:attachment":[{"href":"https:\/\/librosdelaaxarquia.com\/index.php?rest_route=%2Fwp%2Fv2%2Fmedia&parent=705"}],"curies":[{"name":"wp","href":"https:\/\/api.w.org\/{rel}","templated":true}]}}