{"id":802,"date":"2025-11-12T14:00:55","date_gmt":"2025-11-12T13:00:55","guid":{"rendered":"https:\/\/librosdelaaxarquia.com\/?page_id=802"},"modified":"2025-12-05T08:33:34","modified_gmt":"2025-12-05T07:33:34","slug":"libro-velez-malaga-desde-las-cortes-de-cadiz-al-trienio-liberal","status":"publish","type":"page","link":"https:\/\/librosdelaaxarquia.com\/?page_id=802","title":{"rendered":"V\u00c9LEZ-M\u00c1LAGA DESDE LAS CORTES DE C\u00c1DIZ AL TRIENIO LIBERAL"},"content":{"rendered":"\n<figure class=\"wp-block-image aligncenter size-full is-resized\"><img loading=\"lazy\" decoding=\"async\" width=\"538\" height=\"852\" src=\"https:\/\/librosdelaaxarquia.com\/wp-content\/uploads\/2025\/11\/2-CORTES-3.png\" alt=\"\" class=\"wp-image-803\" style=\"width:537px;height:auto\" srcset=\"https:\/\/librosdelaaxarquia.com\/wp-content\/uploads\/2025\/11\/2-CORTES-3.png 538w, https:\/\/librosdelaaxarquia.com\/wp-content\/uploads\/2025\/11\/2-CORTES-3-189x300.png 189w\" sizes=\"auto, (max-width: 538px) 100vw, 538px\" \/><\/figure>\n\n\n\n<div style=\"height:9px\" aria-hidden=\"true\" class=\"wp-block-spacer\"><\/div>\n\n\n\n<p>Colecci\u00f3n <a href=\"https:\/\/librosdelaaxarquia.com\/?page_id=245\" data-type=\"page\" data-id=\"245\">HISTORIA DE V\u00c9LEZ-M\u00c1LAGA<\/a>. (N\u00ba 2)<\/p>\n\n\n\n<p><strong>ISBN:<\/strong> 978-84-16731-98-3    A\u00f1o 2015.<\/p>\n\n\n\n<p>N\u00famero de p\u00e1ginas:  372.<\/p>\n\n\n\n<div style=\"height:7px\" aria-hidden=\"true\" class=\"wp-block-spacer\"><\/div>\n\n\n\n<p>Este libro forma parte de una trilog\u00eda que estudia la crisis del Antiguo R\u00e9gimen en el municipio de V\u00e9lez-M\u00e1laga. Ya dijimos en el tomo I que resultaba el asunto tan amplio que nos hab\u00eda parecido conveniente fraccionarlo en tres ejemplares. Lo recomendable, por tanto, ser\u00eda que, antes de leer este libro, ley\u00e9ramos el de <em>V\u00e9lez-M\u00e1laga en tiempos de la Invasi\u00f3n Francesa.<\/em> No obstante, cada libro tiene estructura propia y, contra lo que pudiera parecer en primera instancia, lo recomendable no se hace en modo alguno imprescindible.<\/p>\n\n\n\n<p>En esta ocasi\u00f3n estudiamos tres momentos muy diferenciados: los tiempos de las Cortes de C\u00e1diz, la \u00e9poca del sexenio absolutista (1814-1820) y el Trienio Constitucional (1820-1822), tambi\u00e9n llamado Liberal. Son tiempos convulsos para todo el pa\u00eds y para la capital de la Axarqu\u00eda. Tiempos de grandes mudanzas en la vida municipal con cambios traum\u00e1ticos en las ideolog\u00edas imperantes y posicionamientos antag\u00f3nicos entre los defensores del Antiguo R\u00e9gimen y quienes pretenden institucionalizar las nuevas tendencias pol\u00edticas que van a definir al mundo contempor\u00e1neo. La situaci\u00f3n nacional marca el perfil&nbsp; y la vida local se aviene, casi siempre, a los tiempos resultantes. Del liberalismo de las Cortes de C\u00e1diz se pasa al absolutismo del sexenio realista, y, tras un nuevo par\u00e9ntesis liberal, el del trienio 1820 a 1822, se va a desembocar, nuevamente, en las posiciones m\u00e1s conservadoras de los tiempos. Alternancia ideol\u00f3gica que va a ser una constante durante todo el primer tercio del siglo XIX. Tiempo de crisis que, a la postre, nos traer\u00e1 un tiempo nuevo.<\/p>\n\n\n\n<p>Durante los tiempos de las Cortes de C\u00e1diz, el general Joaqu\u00edn Blake, un miembro destacado de una familia vele\u00f1a de origen irland\u00e9s, llegar\u00e1 a ocupar unos meses la presidencia del Consejo de Regencia, m\u00e1xima autoridad en el pa\u00eds, dado que el monarca espa\u00f1ol se encontraba \u201cpreso\u201d en Francia.<\/p>\n\n\n\n<p>Al mismo tiempo, en el otro extremo del arco ideol\u00f3gico, un religioso capuchino vele\u00f1o, el Padre V\u00e9lez, propaga una ola apologista del absolutismo a lo largo y ancho del pa\u00eds, y su enfrentamiento dial\u00e9ctico con la ideolog\u00eda liberal va a tener una gran repercusi\u00f3n en las mentalidades del momento. Tras su libro <em>Preservativo contra la irreligi\u00f3n<\/em>, su gran obra ser\u00e1 la famosa <em>Apolog\u00eda del Altar y del Trono<\/em>, en dos tomos, que llevar\u00e1 al Padre V\u00e9lez a convertirse en un&nbsp; icono de los defensores del Antiguo R\u00e9gimen.<\/p>\n\n\n\n<p>Tras el pronunciamiento militar de Rafael de Riego &#8211; que se encontraba preparado con su ej\u00e9rcito para embarcar hacia Am\u00e9rica, a reprimir la \u201cRevoluci\u00f3n\u201d en tierras hispanas, y termina haciendo la \u201cRevoluci\u00f3n\u201d en Espa\u00f1a &#8211; se restituye la Constituci\u00f3n frente al absolutismo imperante en el sexenio.<\/p>\n\n\n\n<p>V\u00e9lez-M\u00e1laga ser\u00e1 uno de los lugares donde se ocultar\u00e1 Rafael de Riego, en su hu\u00edda hacia Almer\u00eda, perseguido por las tropas realistas en 1822. O, al menos, eso afirma un historiador local del siglo XIX<a href=\"#_ftn4\" id=\"_ftnref4\">.<\/a><\/p>\n\n\n\n<p>Estamos, pues, ante una \u00e9poca apasionante de la Historia de Espa\u00f1a, a la que los vele\u00f1os no son ajenos y algunos de ellos resultan ser aut\u00e9nticos protagonistas.<\/p>\n\n\n\n<p>Nuestro estudio no se detiene en la epidermis del municipio durante estos a\u00f1os, y ahonda en los aspectos pol\u00edticos, econ\u00f3micos, sociales, culturales y religiosos, a la b\u00fasqueda de las causas que expliquen las grandes mudanzas y el encausamiento observable hacia el mundo contempor\u00e1neo y liberal, que ya se adivina imparable.<\/p>\n\n\n\n<hr class=\"wp-block-separator has-alpha-channel-opacity\"\/>\n\n\n\n<div style=\"height:3px\" aria-hidden=\"true\" class=\"wp-block-spacer\"><\/div>\n\n\n\n<figure class=\"wp-block-image size-large\"><img loading=\"lazy\" decoding=\"async\" width=\"1024\" height=\"583\" src=\"https:\/\/librosdelaaxarquia.com\/wp-content\/uploads\/2025\/11\/LAS-CORTES-1024x583.jpg\" alt=\"\" class=\"wp-image-1218\" srcset=\"https:\/\/librosdelaaxarquia.com\/wp-content\/uploads\/2025\/11\/LAS-CORTES-1024x583.jpg 1024w, https:\/\/librosdelaaxarquia.com\/wp-content\/uploads\/2025\/11\/LAS-CORTES-300x171.jpg 300w, https:\/\/librosdelaaxarquia.com\/wp-content\/uploads\/2025\/11\/LAS-CORTES-768x437.jpg 768w, https:\/\/librosdelaaxarquia.com\/wp-content\/uploads\/2025\/11\/LAS-CORTES-1536x874.jpg 1536w, https:\/\/librosdelaaxarquia.com\/wp-content\/uploads\/2025\/11\/LAS-CORTES-2048x1166.jpg 2048w\" sizes=\"auto, (max-width: 1024px) 100vw, 1024px\" \/><\/figure>\n\n\n\n<p><\/p>\n","protected":false},"excerpt":{"rendered":"<p>Colecci\u00f3n HISTORIA DE V\u00c9LEZ-M\u00c1LAGA. (N\u00ba 2) ISBN: 978-84-16731-98-3 A\u00f1o 2015. N\u00famero de p\u00e1ginas: 372. Este libro forma parte de una trilog\u00eda que estudia la crisis del Antiguo R\u00e9gimen en el municipio de V\u00e9lez-M\u00e1laga. Ya dijimos en el tomo I que resultaba el asunto tan amplio que nos hab\u00eda parecido conveniente fraccionarlo en tres ejemplares. Lo [&hellip;]<\/p>\n","protected":false},"author":1,"featured_media":0,"parent":0,"menu_order":0,"comment_status":"closed","ping_status":"closed","template":"","meta":{"footnotes":""},"class_list":["post-802","page","type-page","status-publish","hentry"],"_links":{"self":[{"href":"https:\/\/librosdelaaxarquia.com\/index.php?rest_route=\/wp\/v2\/pages\/802","targetHints":{"allow":["GET"]}}],"collection":[{"href":"https:\/\/librosdelaaxarquia.com\/index.php?rest_route=\/wp\/v2\/pages"}],"about":[{"href":"https:\/\/librosdelaaxarquia.com\/index.php?rest_route=\/wp\/v2\/types\/page"}],"author":[{"embeddable":true,"href":"https:\/\/librosdelaaxarquia.com\/index.php?rest_route=\/wp\/v2\/users\/1"}],"replies":[{"embeddable":true,"href":"https:\/\/librosdelaaxarquia.com\/index.php?rest_route=%2Fwp%2Fv2%2Fcomments&post=802"}],"version-history":[{"count":5,"href":"https:\/\/librosdelaaxarquia.com\/index.php?rest_route=\/wp\/v2\/pages\/802\/revisions"}],"predecessor-version":[{"id":2121,"href":"https:\/\/librosdelaaxarquia.com\/index.php?rest_route=\/wp\/v2\/pages\/802\/revisions\/2121"}],"wp:attachment":[{"href":"https:\/\/librosdelaaxarquia.com\/index.php?rest_route=%2Fwp%2Fv2%2Fmedia&parent=802"}],"curies":[{"name":"wp","href":"https:\/\/api.w.org\/{rel}","templated":true}]}}