{"id":808,"date":"2025-11-12T14:16:15","date_gmt":"2025-11-12T13:16:15","guid":{"rendered":"https:\/\/librosdelaaxarquia.com\/?page_id=808"},"modified":"2025-12-18T12:20:19","modified_gmt":"2025-12-18T11:20:19","slug":"libro-la-axarquia-en-los-libros","status":"publish","type":"page","link":"https:\/\/librosdelaaxarquia.com\/?page_id=808","title":{"rendered":"LA AXARQU\u00cdA EN LOS LIBROS"},"content":{"rendered":"\n<figure class=\"wp-block-image aligncenter size-full is-resized\"><img loading=\"lazy\" decoding=\"async\" width=\"416\" height=\"662\" src=\"https:\/\/librosdelaaxarquia.com\/wp-content\/uploads\/2025\/11\/LA-AXARQUIA-Portada_001-4.jpg\" alt=\"\" class=\"wp-image-809\" style=\"width:488px;height:auto\" srcset=\"https:\/\/librosdelaaxarquia.com\/wp-content\/uploads\/2025\/11\/LA-AXARQUIA-Portada_001-4.jpg 416w, https:\/\/librosdelaaxarquia.com\/wp-content\/uploads\/2025\/11\/LA-AXARQUIA-Portada_001-4-189x300.jpg 189w\" sizes=\"auto, (max-width: 416px) 100vw, 416px\" \/><\/figure>\n\n\n\n<p>AUTOR:  <em><a href=\"https:\/\/librosdelaaxarquia.com\/?page_id=1270\" data-type=\"page\" data-id=\"1270\">FRANCISCO GALVEZ HIDALGO<\/a><\/em><\/p>\n\n\n\n<p>Colecci\u00f3n <strong><a href=\"https:\/\/librosdelaaxarquia.com\/?page_id=50\" data-type=\"page\" data-id=\"50\">GENERAL<\/a><\/strong> (N\u00ba 13)<\/p>\n\n\n\n<p><strong>ISBN:<\/strong> 978-84-938732-0-2 <strong>D. L.<\/strong> MA 21-2016<\/p>\n\n\n\n<p>N\u00famero de p\u00e1ginas: 464.<\/p>\n\n\n\n<div style=\"height:20px\" aria-hidden=\"true\" class=\"wp-block-spacer\"><\/div>\n\n\n\n<p>Hemos dicho otras veces que la Axarqu\u00eda no es una comarca grande. De hecho es la m\u00e1s peque\u00f1a de M\u00e1laga, que, a su vez, es la provincia m\u00e1s peque\u00f1a de Andaluc\u00eda. Sin embargo, esta singular comarca del oriente malague\u00f1o, es una gran comarca. Por su pasado, por su paisaje, por sus gentes, por su patrimonio\u2026 La grandeza de la Axarqu\u00eda aflora a poco que nos detenemos en sus cosas, en su gastronom\u00eda, en sus artistas, en cada uno de sus pueblos, en sus tradiciones, en su historia\u2026<\/p>\n\n\n\n<p>Ello hace que esta comarca, que aflora cuando caminamos desde M\u00e1laga hacia el Este, se haya convertido, en todos los tiempos, en una zona observada, visitada, transitada, querida\u2026 Viajeros, escritores,&nbsp; artistas de las m\u00e1s variadas artes, fil\u00f3sofos, novelistas, aventureros, inventores\u2026, han encontrado en este enclave, su medina, su lugar de llegada, su inspiraci\u00f3n, su luz vital, su espacio donde descansar y vivir\u2026<\/p>\n\n\n\n<div style=\"height:18px\" aria-hidden=\"true\" class=\"wp-block-spacer\"><\/div>\n\n\n\n<figure class=\"wp-block-embed is-type-video is-provider-youtube wp-block-embed-youtube wp-embed-aspect-16-9 wp-has-aspect-ratio\"><div class=\"wp-block-embed__wrapper\">\n<iframe loading=\"lazy\" title=\"SPOT  LA AXARQU\u00cdA EN LOS LIBROS\" width=\"500\" height=\"281\" src=\"https:\/\/www.youtube.com\/embed\/so0xxcD6RDE?feature=oembed\" frameborder=\"0\" allow=\"accelerometer; autoplay; clipboard-write; encrypted-media; gyroscope; picture-in-picture; web-share\" referrerpolicy=\"strict-origin-when-cross-origin\" allowfullscreen><\/iframe>\n<\/div><\/figure>\n\n\n\n<div style=\"height:15px\" aria-hidden=\"true\" class=\"wp-block-spacer\"><\/div>\n\n\n\n<p>Paco G\u00e1lvez &#8211; nuestro admirado Paco G\u00e1lvez &#8211; tratando de descubir las esencias de esta tierra afortunada que le vio nacer, se ha adentrado con decisi\u00f3n y constancia en la ardua tarea de localizar, seleccionar y recopilar aquellos textos de tono en los que se habla de la Axarqu\u00eda y sus pueblos. Y as\u00ed, durante muchos a\u00f1os, investigando y leyendo incansablemente, ha logrado reunir una ingente colecci\u00f3n de libros en los que aparecen noticias de estos lugares singulares. <em>La Axarqu\u00eda en los libros<\/em> es exactamente eso, lo que se desprende, se detecta, se liba, se obtiene de aquellos libros en los que emerge algo del alma de esta tierra.<\/p>\n\n\n\n<p>Los libros son los instrumentos de cultura m\u00e1s significativos y valiosos entre los que existen, los lugares donde se guardan las almas de las cosas y de los pueblos. A trav\u00e9s de ellos se han desplazado, a lo largo de los tiempos, el conocimiento, la sabidur\u00eda acumulada y la pasi\u00f3n. Los libros dan noticias de tiempos pret\u00e9ritos, de sentimientos y apegos, de descubrimientos gozosos\u2026, de esperanzas y sue\u00f1os.<\/p>\n\n\n\n<p>Tras la transici\u00f3n democr\u00e1tica de hace medio siglo, un grupo de amantes de la cultura y la historia nos empe\u00f1amos en descubrir y retrotraer al presente ese proyecto colectivo que avanzaba indefinido, falto de delimitaci\u00f3n cultural, sentimental y geogr\u00e1fica, y que se atisbaba como uno de los enclaves m\u00e1s diferenciados, ricos y sugerentes de la vieja Andaluc\u00eda.<\/p>\n\n\n\n<p>Paco G\u00e1lvez es un investigador constante y un escritor con oficio. La persona adecuada para llevarnos de la mano a recorrer los m\u00e1gicos vericuetos ignotos, entre las miles y miles de variopintas p\u00e1ginas, por las que ha caminado con paso firme su voracidad lectora, hasta descubrir lo esencial, lo diferencial, incluso lo anecd\u00f3tico, de este maravilloso espacio del Sur.<\/p>\n\n\n\n<p>Es imposible reunir en un libro todo lo que se ha escrito sobre la Axarqu\u00eda y sus pueblos. Har\u00edan falta muchos libros. Por ello es tan valioso y necesario encontrar la medida, libar una selecci\u00f3n, obtener un n\u00e9ctar del empe\u00f1o, plasmar una colecci\u00f3n \u201csuficiente\u201d, que nos permita desentramar los perfiles, las peculiaridades, los misterios de una comarca que, para sorpresa de todos, es capaz de ilusionar a for\u00e1neos y, plena de recomienzos, reinventarse cada d\u00eda y ser capaz de conventirse en una luminosa inventora de futuro.<\/p>\n\n\n\n<p>El libro que el lector tiene hoy en sus manos es fruto de much\u00edsimas horas de dedicaci\u00f3n. Es un libro que habla de libros, y de libros muy distintos. Un libro que localiza en ensayos, novelas, manuales, libros de historia, monograf\u00edas diversas, etc., cuanto se ha dicho y escrito de estas tierras malague\u00f1as, con el objetivo de descubrir, zizzagueando entre sus p\u00e1ginas, lo m\u00e1gico, lo natural, lo diferente, lo esperado e inesperado, y lo luminoso, que hace grande a la Axarqu\u00eda. Un libro que nos ayuda a descubrir el alma de la Axarqu\u00eda.<\/p>\n\n\n\n<div style=\"height:11px\" aria-hidden=\"true\" class=\"wp-block-spacer\"><\/div>\n\n\n\n<figure class=\"wp-block-image size-large\"><img loading=\"lazy\" decoding=\"async\" width=\"1024\" height=\"555\" src=\"https:\/\/librosdelaaxarquia.com\/wp-content\/uploads\/2025\/11\/LA-AXARQUIA-Portada_001-5-1024x555.jpg\" alt=\"\" class=\"wp-image-1220\" srcset=\"https:\/\/librosdelaaxarquia.com\/wp-content\/uploads\/2025\/11\/LA-AXARQUIA-Portada_001-5-1024x555.jpg 1024w, https:\/\/librosdelaaxarquia.com\/wp-content\/uploads\/2025\/11\/LA-AXARQUIA-Portada_001-5-300x162.jpg 300w, https:\/\/librosdelaaxarquia.com\/wp-content\/uploads\/2025\/11\/LA-AXARQUIA-Portada_001-5-768x416.jpg 768w, https:\/\/librosdelaaxarquia.com\/wp-content\/uploads\/2025\/11\/LA-AXARQUIA-Portada_001-5.jpg 1237w\" sizes=\"auto, (max-width: 1024px) 100vw, 1024px\" \/><\/figure>\n","protected":false},"excerpt":{"rendered":"<p>AUTOR: FRANCISCO GALVEZ HIDALGO Colecci\u00f3n GENERAL (N\u00ba 13) ISBN: 978-84-938732-0-2 D. L. MA 21-2016 N\u00famero de p\u00e1ginas: 464. Hemos dicho otras veces que la Axarqu\u00eda no es una comarca grande. De hecho es la m\u00e1s peque\u00f1a de M\u00e1laga, que, a su vez, es la provincia m\u00e1s peque\u00f1a de Andaluc\u00eda. Sin embargo, esta singular comarca del [&hellip;]<\/p>\n","protected":false},"author":1,"featured_media":0,"parent":0,"menu_order":0,"comment_status":"closed","ping_status":"closed","template":"","meta":{"footnotes":""},"class_list":["post-808","page","type-page","status-publish","hentry"],"_links":{"self":[{"href":"https:\/\/librosdelaaxarquia.com\/index.php?rest_route=\/wp\/v2\/pages\/808","targetHints":{"allow":["GET"]}}],"collection":[{"href":"https:\/\/librosdelaaxarquia.com\/index.php?rest_route=\/wp\/v2\/pages"}],"about":[{"href":"https:\/\/librosdelaaxarquia.com\/index.php?rest_route=\/wp\/v2\/types\/page"}],"author":[{"embeddable":true,"href":"https:\/\/librosdelaaxarquia.com\/index.php?rest_route=\/wp\/v2\/users\/1"}],"replies":[{"embeddable":true,"href":"https:\/\/librosdelaaxarquia.com\/index.php?rest_route=%2Fwp%2Fv2%2Fcomments&post=808"}],"version-history":[{"count":5,"href":"https:\/\/librosdelaaxarquia.com\/index.php?rest_route=\/wp\/v2\/pages\/808\/revisions"}],"predecessor-version":[{"id":2363,"href":"https:\/\/librosdelaaxarquia.com\/index.php?rest_route=\/wp\/v2\/pages\/808\/revisions\/2363"}],"wp:attachment":[{"href":"https:\/\/librosdelaaxarquia.com\/index.php?rest_route=%2Fwp%2Fv2%2Fmedia&parent=808"}],"curies":[{"name":"wp","href":"https:\/\/api.w.org\/{rel}","templated":true}]}}