{"id":812,"date":"2025-11-12T16:52:55","date_gmt":"2025-11-12T15:52:55","guid":{"rendered":"https:\/\/librosdelaaxarquia.com\/?page_id=812"},"modified":"2025-12-05T14:16:39","modified_gmt":"2025-12-05T13:16:39","slug":"libro-velez-malaga-a-la-llegada-del-liberalismo","status":"publish","type":"page","link":"https:\/\/librosdelaaxarquia.com\/?page_id=812","title":{"rendered":"V\u00c9LEZ-M\u00c1LAGA A LA LLEGADA DEL LIBERALISMO"},"content":{"rendered":"\n<figure class=\"wp-block-image aligncenter size-full is-resized\"><img loading=\"lazy\" decoding=\"async\" width=\"296\" height=\"456\" src=\"https:\/\/librosdelaaxarquia.com\/wp-content\/uploads\/2025\/11\/3-Liberalismo-Portada-jpg-1.png\" alt=\"\" class=\"wp-image-813\" style=\"width:528px;height:auto\" srcset=\"https:\/\/librosdelaaxarquia.com\/wp-content\/uploads\/2025\/11\/3-Liberalismo-Portada-jpg-1.png 296w, https:\/\/librosdelaaxarquia.com\/wp-content\/uploads\/2025\/11\/3-Liberalismo-Portada-jpg-1-195x300.png 195w\" sizes=\"auto, (max-width: 296px) 100vw, 296px\" \/><\/figure>\n\n\n\n<div style=\"height:13px\" aria-hidden=\"true\" class=\"wp-block-spacer\"><\/div>\n\n\n\n<p>COLECCI\u00d3N <strong><a href=\"https:\/\/librosdelaaxarquia.com\/?page_id=245\" data-type=\"page\" data-id=\"245\">HISTORIA DE V\u00c9LEZ-M\u00c1LAGA<\/a><\/strong> (N\u00ba 3)<\/p>\n\n\n\n<p><strong>ISBN<\/strong>:  978-84-944870-0-2   <strong>D. L. <\/strong> MA 1640-2015<\/p>\n\n\n\n<p>N\u00famero de p\u00e1ginas:  312<\/p>\n\n\n\n<p><\/p>\n\n\n\n<p>Este libro conforma la tercera parte de una trilog\u00eda que estudia la <em>crisis del Antiguo R\u00e9gimen en el municipio de V\u00e9lez-M\u00e1laga<\/em>. Ya dijimos en el tomo I que \u00e9ste resultaba un asunto tan amplio que nos hab\u00eda parecido conveniente fraccionarlo en tres ejemplares. Lo recomendable, por tanto, ser\u00eda que, antes de conocer esta \u00faltima entrega, ley\u00e9ramos la de <em>V\u00e9lez-M\u00e1laga en tiempos de la Invasi\u00f3n Francesa <\/em>y la de <em>V\u00e9lez-M\u00e1laga desde las Cortes de C\u00e1diz al Trienio Liberal.<\/em> No obstante, cada libro tiene estructura propia y, contra lo que pudiera parecer en primera instancia, lo recomendable no se hace en modo alguno imprescindible.<\/p>\n\n\n\n<p>En esta ocasi\u00f3n, al ser la parte final del estudio, se hacen comparativas y referencias expresas a las entregas anteriores y la mejor interpretaci\u00f3n de las conclusiones obtenidas solo ser\u00e1 posible conociendo expresamente lo visto con anterioridad.<\/p>\n\n\n\n<p>En esta entrega, tras el estudio de los tiempos de la segunda restauraci\u00f3n absolutista (1823-1833) &#8211; lo que se conoce por la \u201cominosa d\u00e9cada\u201d &#8211; nos detenemos en el V\u00e9lez-M\u00e1laga que se nos muestra a la muerte de Fernando VII. Todo ello va a llevarnos a una comparativa mediante la que podemos contrastar el municipio de comienzos del reinado con el del final del mismo. La evoluci\u00f3n en los distintos aspectos estudiados (poblaci\u00f3n, econom\u00eda, actividad pol\u00edtica, intervenci\u00f3n en los asuntos sociales, urbanismo, etc.) nos conducen hasta&nbsp; una conclusi\u00f3n final de que el \u201ccaso de V\u00e9lez-M\u00e1laga\u201d no es significativamente diferente al \u201ccaso espa\u00f1ol\u201d, a pesar de los despro-porcionados problemas que sufri\u00f3 la ciudad a comienzos del siglo XIX, especialmente con la terrible epidemia de fiebre amarilla y sus secuelas, a las que se unir\u00e1n, en pocos a\u00f1os, la Invasi\u00f3n Francesa y la Guerra de la Independencia.&nbsp;<\/p>\n\n\n\n<p>El bandazo \u00faltimo del gran proceso, desde el formato absolutista al propio del mundo liberal, se nos muestra aqu\u00ed n\u00edtidamente con el tr\u00e1nsito desde los ayuntamienbtos perpetuos, primero a los ayuntamientos mixtos, y, luego, a los ayuntamientos nuevos.<\/p>\n\n\n\n<p>La educaci\u00f3n, la beneficencia, la sanidad, los aspectos urbanos de la ciudad, el alumbrado p\u00fablico, las instituciones de la \u00e9poca, etc., etc., se nos van a mostrar como los perfiles que nos dibujan un V\u00e9lez-M\u00e1laga distinto y distante al del presente, pero en el que se detectan gruesas ra\u00edces del de hoy.<\/p>\n\n\n\n<p>La muerte del monarca <em>Deseado<\/em>, y la proclamaci\u00f3n de su hija Isabel II, supone la frontera entre dos \u00e9pocas, la zona del tr\u00e1nsito final en la que la capital de la Axarqu\u00eda pasa, definitivamente, desde el mundo moderno al contempor\u00e1neo.<\/p>\n\n\n\n<p>El cap\u00edtulo III de este libro, dedicado a conclusiones, compara y utiliza tambi\u00e9n informaci\u00f3n de los dos tomos anteriores, por lo que, en este caso que nos ocupa, s\u00ed es conveniente su lectura previa para poder libar, con rigor y seguridad, las certezas a las que se aproxima nuestro estudio.<\/p>\n\n\n\n<p>Un ap\u00e9ndice documental, significativo de todo el proceso, completan el libro que se encuentra, en este mismo instante, en las manos del lector.<\/p>\n\n\n\n<div style=\"height:8px\" aria-hidden=\"true\" class=\"wp-block-spacer\"><\/div>\n\n\n\n<figure class=\"wp-block-image size-full\"><img loading=\"lazy\" decoding=\"async\" width=\"796\" height=\"456\" src=\"https:\/\/librosdelaaxarquia.com\/wp-content\/uploads\/2025\/11\/LIBERALISMO.png\" alt=\"\" class=\"wp-image-1223\" srcset=\"https:\/\/librosdelaaxarquia.com\/wp-content\/uploads\/2025\/11\/LIBERALISMO.png 796w, https:\/\/librosdelaaxarquia.com\/wp-content\/uploads\/2025\/11\/LIBERALISMO-300x172.png 300w, https:\/\/librosdelaaxarquia.com\/wp-content\/uploads\/2025\/11\/LIBERALISMO-768x440.png 768w\" sizes=\"auto, (max-width: 796px) 100vw, 796px\" \/><\/figure>\n\n\n\n<p><\/p>\n","protected":false},"excerpt":{"rendered":"<p>COLECCI\u00d3N HISTORIA DE V\u00c9LEZ-M\u00c1LAGA (N\u00ba 3) ISBN: 978-84-944870-0-2 D. L. MA 1640-2015 N\u00famero de p\u00e1ginas: 312 Este libro conforma la tercera parte de una trilog\u00eda que estudia la crisis del Antiguo R\u00e9gimen en el municipio de V\u00e9lez-M\u00e1laga. Ya dijimos en el tomo I que \u00e9ste resultaba un asunto tan amplio que nos hab\u00eda parecido conveniente [&hellip;]<\/p>\n","protected":false},"author":1,"featured_media":0,"parent":0,"menu_order":0,"comment_status":"closed","ping_status":"closed","template":"","meta":{"footnotes":""},"class_list":["post-812","page","type-page","status-publish","hentry"],"_links":{"self":[{"href":"https:\/\/librosdelaaxarquia.com\/index.php?rest_route=\/wp\/v2\/pages\/812","targetHints":{"allow":["GET"]}}],"collection":[{"href":"https:\/\/librosdelaaxarquia.com\/index.php?rest_route=\/wp\/v2\/pages"}],"about":[{"href":"https:\/\/librosdelaaxarquia.com\/index.php?rest_route=\/wp\/v2\/types\/page"}],"author":[{"embeddable":true,"href":"https:\/\/librosdelaaxarquia.com\/index.php?rest_route=\/wp\/v2\/users\/1"}],"replies":[{"embeddable":true,"href":"https:\/\/librosdelaaxarquia.com\/index.php?rest_route=%2Fwp%2Fv2%2Fcomments&post=812"}],"version-history":[{"count":5,"href":"https:\/\/librosdelaaxarquia.com\/index.php?rest_route=\/wp\/v2\/pages\/812\/revisions"}],"predecessor-version":[{"id":2124,"href":"https:\/\/librosdelaaxarquia.com\/index.php?rest_route=\/wp\/v2\/pages\/812\/revisions\/2124"}],"wp:attachment":[{"href":"https:\/\/librosdelaaxarquia.com\/index.php?rest_route=%2Fwp%2Fv2%2Fmedia&parent=812"}],"curies":[{"name":"wp","href":"https:\/\/api.w.org\/{rel}","templated":true}]}}