{"id":821,"date":"2025-11-12T18:03:40","date_gmt":"2025-11-12T17:03:40","guid":{"rendered":"https:\/\/librosdelaaxarquia.com\/?page_id=821"},"modified":"2025-12-05T14:43:03","modified_gmt":"2025-12-05T13:43:03","slug":"libro-menudas-historias-de-velez-malaga","status":"publish","type":"page","link":"https:\/\/librosdelaaxarquia.com\/?page_id=821","title":{"rendered":"MENUDAS HISTORIAS DE V\u00c9LEZ-M\u00c1LAGA"},"content":{"rendered":"\n<figure class=\"wp-block-image aligncenter size-full is-resized\"><img loading=\"lazy\" decoding=\"async\" width=\"393\" height=\"599\" src=\"https:\/\/librosdelaaxarquia.com\/wp-content\/uploads\/2025\/11\/2-MENUDAS-HISTORIA-3.png\" alt=\"\" class=\"wp-image-822\" style=\"width:497px;height:auto\" srcset=\"https:\/\/librosdelaaxarquia.com\/wp-content\/uploads\/2025\/11\/2-MENUDAS-HISTORIA-3.png 393w, https:\/\/librosdelaaxarquia.com\/wp-content\/uploads\/2025\/11\/2-MENUDAS-HISTORIA-3-197x300.png 197w\" sizes=\"auto, (max-width: 393px) 100vw, 393px\" \/><\/figure>\n\n\n\n<div style=\"height:9px\" aria-hidden=\"true\" class=\"wp-block-spacer\"><\/div>\n\n\n\n<p>COLECCI\u00d3N<a href=\"https:\/\/librosdelaaxarquia.com\/?page_id=143\" data-type=\"page\" data-id=\"143\"> <strong>REFLEXIONES<\/strong><\/a> (N\u00ba 2)<\/p>\n\n\n\n<p><strong>ISBN: <\/strong> 978-84-938732-9-5  <strong>D.L.<\/strong> MA 1533-2015 <\/p>\n\n\n\n<p>N\u00daMERO DE P\u00c1GINAS:  342<\/p>\n\n\n\n<p><\/p>\n\n\n\n<div style=\"height:8px\" aria-hidden=\"true\" class=\"wp-block-spacer\"><\/div>\n\n\n\n<figure class=\"wp-block-embed is-type-video is-provider-youtube wp-block-embed-youtube wp-embed-aspect-4-3 wp-has-aspect-ratio\"><div class=\"wp-block-embed__wrapper\">\n<iframe loading=\"lazy\" title=\"SPOT MENUDAS HISTORIAS\" width=\"500\" height=\"375\" src=\"https:\/\/www.youtube.com\/embed\/IwRwQfFwGI0?feature=oembed\" frameborder=\"0\" allow=\"accelerometer; autoplay; clipboard-write; encrypted-media; gyroscope; picture-in-picture; web-share\" referrerpolicy=\"strict-origin-when-cross-origin\" allowfullscreen><\/iframe>\n<\/div><\/figure>\n\n\n\n<div style=\"height:7px\" aria-hidden=\"true\" class=\"wp-block-spacer\"><\/div>\n\n\n\n<p><em>Menudas Historias de V\u00e9lez-M\u00e1laga<\/em> es una colecci\u00f3n de reflexiones, con matices y aportaciones historicistas, que fueron publicadas entre marzo de 2010 y junio de 2013 en el peri\u00f3dico semanal <em>Diario la Axarqu\u00eda <\/em>y que, en gran medida, a\u00fan son vivamente recordadas por muchos de los lectores que, semana a semana, se convirtieron en fieles seguidores de la columna.<\/p>\n\n\n\n<p>Se trata de una colecci\u00f3n de reflexiones variadas, en torno a temas diversos y con referencias al inmediato acontecer y en las que se detecta la actualidad cercana. Son escritos que est\u00e1n aderezados de abundantes elementos cr\u00edticos, donde no faltan la amargura doliente, las propuestas y el humor. Son textos de madurez, con reflexiones meditadas, con propuestas razonadas y desde la militancia cultural y ciudadana, como cantos c\u00edvicos, como mensajes p\u00fablicos a los convecinos y sus representantes pol\u00edticos. Y en alg\u00fan caso, incluso, se podr\u00eda decir que son los \u201ctextos de combate\u201d de un pacifista.<\/p>\n\n\n\n<p>El orden de los escritos tiene poca importancia para el lector, dado que podr\u00e1 empezar su lectura por cualquier parte del libro. Cada art\u00edculo tiene vida propia y, salvo contadas excepciones, ninguno depende de los otros.<\/p>\n\n\n\n<div style=\"height:10px\" aria-hidden=\"true\" class=\"wp-block-spacer\"><\/div>\n\n\n\n<p class=\"has-text-align-center\"><strong>ACTO DE PRESENTACI\u00d3N DEL LIBRO<\/strong><\/p>\n\n\n\n<p class=\"has-text-align-center\">(Sal\u00f3n de actos del Centro del Exilio)<\/p>\n\n\n\n<figure class=\"wp-block-embed is-type-video is-provider-youtube wp-block-embed-youtube wp-embed-aspect-4-3 wp-has-aspect-ratio\"><div class=\"wp-block-embed__wrapper\">\n<iframe loading=\"lazy\" title=\"MENUDAS HISTORIAS\" width=\"500\" height=\"375\" src=\"https:\/\/www.youtube.com\/embed\/QZWaGbKIi5k?feature=oembed\" frameborder=\"0\" allow=\"accelerometer; autoplay; clipboard-write; encrypted-media; gyroscope; picture-in-picture; web-share\" referrerpolicy=\"strict-origin-when-cross-origin\" allowfullscreen><\/iframe>\n<\/div><\/figure>\n\n\n\n<div class=\"wp-block-buttons is-layout-flex wp-block-buttons-is-layout-flex\"><\/div>\n\n\n\n<div style=\"height:1px\" aria-hidden=\"true\" class=\"wp-block-spacer\"><\/div>\n\n\n\n<figure class=\"wp-block-image size-large\"><img loading=\"lazy\" decoding=\"async\" width=\"1024\" height=\"608\" src=\"https:\/\/librosdelaaxarquia.com\/wp-content\/uploads\/2025\/12\/MENUDAS-HISTORIAS-1024x608.jpg\" alt=\"\" class=\"wp-image-2136\" srcset=\"https:\/\/librosdelaaxarquia.com\/wp-content\/uploads\/2025\/12\/MENUDAS-HISTORIAS-1024x608.jpg 1024w, https:\/\/librosdelaaxarquia.com\/wp-content\/uploads\/2025\/12\/MENUDAS-HISTORIAS-300x178.jpg 300w, https:\/\/librosdelaaxarquia.com\/wp-content\/uploads\/2025\/12\/MENUDAS-HISTORIAS-768x456.jpg 768w, https:\/\/librosdelaaxarquia.com\/wp-content\/uploads\/2025\/12\/MENUDAS-HISTORIAS.jpg 1251w\" sizes=\"auto, (max-width: 1024px) 100vw, 1024px\" \/><\/figure>\n","protected":false},"excerpt":{"rendered":"<p>COLECCI\u00d3N REFLEXIONES (N\u00ba 2) ISBN: 978-84-938732-9-5 D.L. MA 1533-2015 N\u00daMERO DE P\u00c1GINAS: 342 Menudas Historias de V\u00e9lez-M\u00e1laga es una colecci\u00f3n de reflexiones, con matices y aportaciones historicistas, que fueron publicadas entre marzo de 2010 y junio de 2013 en el peri\u00f3dico semanal Diario la Axarqu\u00eda y que, en gran medida, a\u00fan son vivamente recordadas por [&hellip;]<\/p>\n","protected":false},"author":1,"featured_media":0,"parent":0,"menu_order":0,"comment_status":"closed","ping_status":"closed","template":"","meta":{"footnotes":""},"class_list":["post-821","page","type-page","status-publish","hentry"],"_links":{"self":[{"href":"https:\/\/librosdelaaxarquia.com\/index.php?rest_route=\/wp\/v2\/pages\/821","targetHints":{"allow":["GET"]}}],"collection":[{"href":"https:\/\/librosdelaaxarquia.com\/index.php?rest_route=\/wp\/v2\/pages"}],"about":[{"href":"https:\/\/librosdelaaxarquia.com\/index.php?rest_route=\/wp\/v2\/types\/page"}],"author":[{"embeddable":true,"href":"https:\/\/librosdelaaxarquia.com\/index.php?rest_route=\/wp\/v2\/users\/1"}],"replies":[{"embeddable":true,"href":"https:\/\/librosdelaaxarquia.com\/index.php?rest_route=%2Fwp%2Fv2%2Fcomments&post=821"}],"version-history":[{"count":5,"href":"https:\/\/librosdelaaxarquia.com\/index.php?rest_route=\/wp\/v2\/pages\/821\/revisions"}],"predecessor-version":[{"id":2137,"href":"https:\/\/librosdelaaxarquia.com\/index.php?rest_route=\/wp\/v2\/pages\/821\/revisions\/2137"}],"wp:attachment":[{"href":"https:\/\/librosdelaaxarquia.com\/index.php?rest_route=%2Fwp%2Fv2%2Fmedia&parent=821"}],"curies":[{"name":"wp","href":"https:\/\/api.w.org\/{rel}","templated":true}]}}