{"id":825,"date":"2025-11-12T18:15:01","date_gmt":"2025-11-12T17:15:01","guid":{"rendered":"https:\/\/librosdelaaxarquia.com\/?page_id=825"},"modified":"2025-12-04T21:57:48","modified_gmt":"2025-12-04T20:57:48","slug":"libro-iglesias-mudejares-en-la-axarquia","status":"publish","type":"page","link":"https:\/\/librosdelaaxarquia.com\/?page_id=825","title":{"rendered":"IGLESIAS MUD\u00c9JARES EN LA AXARQU\u00cdA"},"content":{"rendered":"\n<figure class=\"wp-block-image aligncenter size-full is-resized\"><img loading=\"lazy\" decoding=\"async\" width=\"322\" height=\"493\" src=\"https:\/\/librosdelaaxarquia.com\/wp-content\/uploads\/2025\/11\/MUDEJARES.png\" alt=\"\" class=\"wp-image-826\" style=\"width:385px;height:auto\" srcset=\"https:\/\/librosdelaaxarquia.com\/wp-content\/uploads\/2025\/11\/MUDEJARES.png 322w, https:\/\/librosdelaaxarquia.com\/wp-content\/uploads\/2025\/11\/MUDEJARES-196x300.png 196w\" sizes=\"auto, (max-width: 322px) 100vw, 322px\" \/><\/figure>\n\n\n\n<div style=\"height:8px\" aria-hidden=\"true\" class=\"wp-block-spacer\"><\/div>\n\n\n\n<p>AUTOR: <a href=\"https:\/\/librosdelaaxarquia.com\/?page_id=353\" data-type=\"page\" data-id=\"353\">ANTONIO MANUEL PE\u00d1A<\/a><\/p>\n\n\n\n<p>COLECCI\u00d3N<strong>  <a href=\"https:\/\/librosdelaaxarquia.com\/?page_id=53\" data-type=\"page\" data-id=\"53\">PATRIMONIO<\/a><\/strong> (N\u00ba 2)<\/p>\n\n\n\n<p><strong>ISBN:<\/strong> 978-84-944870-1-9   <strong>D.L. MA<\/strong> 307-2016<\/p>\n\n\n\n<p>N\u00daMERO DE P\u00c1GINAS:  266<\/p>\n\n\n\n<div style=\"height:13px\" aria-hidden=\"true\" class=\"wp-block-spacer\"><\/div>\n\n\n\n<figure class=\"wp-block-embed is-type-video is-provider-youtube wp-block-embed-youtube wp-embed-aspect-16-9 wp-has-aspect-ratio\"><div class=\"wp-block-embed__wrapper\">\n<iframe loading=\"lazy\" title=\"IGLESIAS MUD\u00c9JARES\" width=\"500\" height=\"281\" src=\"https:\/\/www.youtube.com\/embed\/d3mSbgtTEDM?feature=oembed\" frameborder=\"0\" allow=\"accelerometer; autoplay; clipboard-write; encrypted-media; gyroscope; picture-in-picture; web-share\" referrerpolicy=\"strict-origin-when-cross-origin\" allowfullscreen><\/iframe>\n<\/div><\/figure>\n\n\n\n<div style=\"height:11px\" aria-hidden=\"true\" class=\"wp-block-spacer\"><\/div>\n\n\n\n<p>Este libro tuvo su origen en una peque\u00f1a investigaci\u00f3n para el <em>Libro Gui\u00f3n<\/em> de la Semana Santa de V\u00e9lez-M\u00e1laga sobre la parroquia de San Juan Bautista. Poco a poco se fue complicando al tirar del hilo de los documentos, primero para abarcar a un templo cofrade, y, m\u00e1s tarde, la historia de esta importante iglesia vele\u00f1a. Pero el volumen de lo investigado llev\u00f3 finalmente al autor a plantear una visi\u00f3n m\u00e1s amplia y comarcal, encajando la construcci\u00f3n del edificio parroquial de San Juan en el contexto general de la Axarqu\u00eda, durante la primera centuria desde la incorporaci\u00f3n de todo este territorio malague\u00f1o a la corona castellana.<\/p>\n\n\n\n<p>Desde que en 1487 los Reyes Cat\u00f3licos conquistaron V\u00e9lez-M\u00e1laga y, tras ella, su comarca circundante, esta zona del oriente malague\u00f1o, la Axarqu\u00eda, y sus gentes, debieron adaptarse, progresivamente, al nuevo orden pol\u00edtico castellano, a la nueva religi\u00f3n imperante y a los nuevos condicionantes econ\u00f3micos, sociales o culturales que se abr\u00edan en el inicio de la Edad Moderna, tras el final del estado nazar\u00ed granadino.<\/p>\n\n\n\n<p>En este panorama, la implantaci\u00f3n de la fe cat\u00f3lica como base de los nuevos tiempos tanto en lo religioso como en lo cultural y pol\u00edtico en aquella Axarqu\u00eda poblada de moriscos y dominada por los vele\u00f1os cristianos viejos, promovi\u00f3 la fundaci\u00f3n de las parroquias, la adaptaci\u00f3n de las mezquitas y la construcci\u00f3n de los templos dentro del panorama art\u00edstico del final del g\u00f3tico y los albores del renacimiento, impregnados plenamente de lo mud\u00e9jar.&nbsp;<\/p>\n\n\n\n<div style=\"height:4px\" aria-hidden=\"true\" class=\"wp-block-spacer\"><\/div>\n\n\n\n<figure class=\"wp-block-image size-large\"><img loading=\"lazy\" decoding=\"async\" width=\"1024\" height=\"485\" src=\"https:\/\/librosdelaaxarquia.com\/wp-content\/uploads\/2025\/11\/Cubierta-final-PDF_001-1-1024x485.jpg\" alt=\"\" class=\"wp-image-1229\" srcset=\"https:\/\/librosdelaaxarquia.com\/wp-content\/uploads\/2025\/11\/Cubierta-final-PDF_001-1-1024x485.jpg 1024w, https:\/\/librosdelaaxarquia.com\/wp-content\/uploads\/2025\/11\/Cubierta-final-PDF_001-1-300x142.jpg 300w, https:\/\/librosdelaaxarquia.com\/wp-content\/uploads\/2025\/11\/Cubierta-final-PDF_001-1-768x364.jpg 768w, https:\/\/librosdelaaxarquia.com\/wp-content\/uploads\/2025\/11\/Cubierta-final-PDF_001-1.jpg 1451w\" sizes=\"auto, (max-width: 1024px) 100vw, 1024px\" \/><\/figure>\n","protected":false},"excerpt":{"rendered":"<p>AUTOR: ANTONIO MANUEL PE\u00d1A COLECCI\u00d3N PATRIMONIO (N\u00ba 2) ISBN: 978-84-944870-1-9 D.L. MA 307-2016 N\u00daMERO DE P\u00c1GINAS: 266 Este libro tuvo su origen en una peque\u00f1a investigaci\u00f3n para el Libro Gui\u00f3n de la Semana Santa de V\u00e9lez-M\u00e1laga sobre la parroquia de San Juan Bautista. Poco a poco se fue complicando al tirar del hilo de los [&hellip;]<\/p>\n","protected":false},"author":1,"featured_media":0,"parent":0,"menu_order":0,"comment_status":"closed","ping_status":"closed","template":"","meta":{"footnotes":""},"class_list":["post-825","page","type-page","status-publish","hentry"],"_links":{"self":[{"href":"https:\/\/librosdelaaxarquia.com\/index.php?rest_route=\/wp\/v2\/pages\/825","targetHints":{"allow":["GET"]}}],"collection":[{"href":"https:\/\/librosdelaaxarquia.com\/index.php?rest_route=\/wp\/v2\/pages"}],"about":[{"href":"https:\/\/librosdelaaxarquia.com\/index.php?rest_route=\/wp\/v2\/types\/page"}],"author":[{"embeddable":true,"href":"https:\/\/librosdelaaxarquia.com\/index.php?rest_route=\/wp\/v2\/users\/1"}],"replies":[{"embeddable":true,"href":"https:\/\/librosdelaaxarquia.com\/index.php?rest_route=%2Fwp%2Fv2%2Fcomments&post=825"}],"version-history":[{"count":5,"href":"https:\/\/librosdelaaxarquia.com\/index.php?rest_route=\/wp\/v2\/pages\/825\/revisions"}],"predecessor-version":[{"id":2071,"href":"https:\/\/librosdelaaxarquia.com\/index.php?rest_route=\/wp\/v2\/pages\/825\/revisions\/2071"}],"wp:attachment":[{"href":"https:\/\/librosdelaaxarquia.com\/index.php?rest_route=%2Fwp%2Fv2%2Fmedia&parent=825"}],"curies":[{"name":"wp","href":"https:\/\/api.w.org\/{rel}","templated":true}]}}