{"id":830,"date":"2025-11-12T20:16:10","date_gmt":"2025-11-12T19:16:10","guid":{"rendered":"https:\/\/librosdelaaxarquia.com\/?page_id=830"},"modified":"2025-12-06T17:38:00","modified_gmt":"2025-12-06T16:38:00","slug":"libro-leyendas-tradiciones-y-anecdotas-de-velez-malaga","status":"publish","type":"page","link":"https:\/\/librosdelaaxarquia.com\/?page_id=830","title":{"rendered":"LEYENDAS, TRADICIONES y AN\u00c9CDOTAS DE V\u00c9LEZ-M\u00c1LAGA"},"content":{"rendered":"\n<figure class=\"wp-block-image aligncenter size-full is-resized\"><img loading=\"lazy\" decoding=\"async\" width=\"434\" height=\"684\" src=\"https:\/\/librosdelaaxarquia.com\/wp-content\/uploads\/2025\/11\/LEYENDAS._001-2.jpg\" alt=\"\" class=\"wp-image-831\" style=\"width:454px;height:auto\" srcset=\"https:\/\/librosdelaaxarquia.com\/wp-content\/uploads\/2025\/11\/LEYENDAS._001-2.jpg 434w, https:\/\/librosdelaaxarquia.com\/wp-content\/uploads\/2025\/11\/LEYENDAS._001-2-190x300.jpg 190w\" sizes=\"auto, (max-width: 434px) 100vw, 434px\" \/><\/figure>\n\n\n\n<div style=\"height:16px\" aria-hidden=\"true\" class=\"wp-block-spacer\"><\/div>\n\n\n\n<p><strong>AUTOR<\/strong>: <a href=\"https:\/\/librosdelaaxarquia.com\/?page_id=518\" data-type=\"page\" data-id=\"518\">FRANCISCO MONTORO FERN\u00c1NDEZ<\/a><\/p>\n\n\n\n<p>COLECCI\u00d3N <strong> <a href=\"https:\/\/librosdelaaxarquia.com\/?page_id=59\" data-type=\"page\" data-id=\"59\">LA PEQUE\u00d1A HISTORIA<\/a><\/strong> (N\u00ba 7)<\/p>\n\n\n\n<p><strong>ISBN<\/strong>: 978-84-129804-3-1 <strong>D. L.<\/strong> MA 420-2025<\/p>\n\n\n\n<p>N\u00daMERO DE P\u00c1GINAS:  200<\/p>\n\n\n\n<div style=\"height:2px\" aria-hidden=\"true\" class=\"wp-block-spacer\"><\/div>\n\n\n\n<p>Las leyendas son asuntos delicad\u00edsimos, pues, es harto conocido que, muchas veces, apoy\u00e1ndose en ellas, se cometieron errores muy graves, y otras en que, despreci\u00e1ndolas, se err\u00f3 tristemente, porque, pasados los a\u00f1os, se comprobaron que respond\u00edan a una verdad, o, al menos, a un fondo de verdad.<\/p>\n\n\n\n<p>La investigaci\u00f3n hist\u00f3rica ha dado al traste con infinidad de leyendas y ha confirmado otras muchas. Incluso, a trav\u00e9s de la labor ardua de rebatirlas o probarlas, se ha llegado, repetidamente, a valiosos descubrimientos hist\u00f3ricos.<\/p>\n\n\n\n<p>Las leyendas y tradiciones son tanto m\u00e1s oscuras y confusas cuanto m\u00e1s antiguas. Frecuentemente se alteran con el paso de los a\u00f1os, en parte porque al transmitirse oralmente de padres a hijos, y de abuelos a nietos, se van deformando.<\/p>\n\n\n\n<p>&nbsp;Un hecho resulta incuestionable y es que las tradiciones responden a unos or\u00edgenes y, mientras no quede claro qu\u00e9 y c\u00f3mo se iniciaron, resulta poco serio rechazarlas de plano, del mismo modo que es de todo punto irreflexivo aceptarlas sin m\u00e1s.<\/p>\n\n\n\n<div style=\"height:4px\" aria-hidden=\"true\" class=\"wp-block-spacer\"><\/div>\n\n\n\n<p class=\"has-text-align-center\"><strong>ACTO DE PRESENTACI\u00d3N DEL LIBRO<\/strong><\/p>\n\n\n\n<p class=\"has-text-align-center\">(CENTRO DE ARTE CONTEMPOR\u00c1NEO)<\/p>\n\n\n\n<div style=\"height:1px\" aria-hidden=\"true\" class=\"wp-block-spacer\"><\/div>\n\n\n\n<figure class=\"wp-block-embed is-type-video is-provider-youtube wp-block-embed-youtube wp-embed-aspect-16-9 wp-has-aspect-ratio\"><div class=\"wp-block-embed__wrapper\">\n<iframe loading=\"lazy\" title=\"LEYENDAS DE V\u00c9LEZ-M\u00c1LAGA\" width=\"500\" height=\"281\" src=\"https:\/\/www.youtube.com\/embed\/g_xwcDsQZwc?feature=oembed\" frameborder=\"0\" allow=\"accelerometer; autoplay; clipboard-write; encrypted-media; gyroscope; picture-in-picture; web-share\" referrerpolicy=\"strict-origin-when-cross-origin\" allowfullscreen><\/iframe>\n<\/div><\/figure>\n\n\n\n<div style=\"height:23px\" aria-hidden=\"true\" class=\"wp-block-spacer\"><\/div>\n\n\n\n<figure class=\"wp-block-image size-large\"><img loading=\"lazy\" decoding=\"async\" width=\"1024\" height=\"490\" src=\"https:\/\/librosdelaaxarquia.com\/wp-content\/uploads\/2025\/12\/LEYENDAS._001-1024x490.jpg\" alt=\"\" class=\"wp-image-2195\" srcset=\"https:\/\/librosdelaaxarquia.com\/wp-content\/uploads\/2025\/12\/LEYENDAS._001-1024x490.jpg 1024w, https:\/\/librosdelaaxarquia.com\/wp-content\/uploads\/2025\/12\/LEYENDAS._001-300x144.jpg 300w, https:\/\/librosdelaaxarquia.com\/wp-content\/uploads\/2025\/12\/LEYENDAS._001-768x368.jpg 768w, https:\/\/librosdelaaxarquia.com\/wp-content\/uploads\/2025\/12\/LEYENDAS._001.jpg 1425w\" sizes=\"auto, (max-width: 1024px) 100vw, 1024px\" \/><\/figure>\n\n\n\n<div style=\"height:16px\" aria-hidden=\"true\" class=\"wp-block-spacer\"><\/div>\n\n\n\n<p><\/p>\n","protected":false},"excerpt":{"rendered":"<p>AUTOR: FRANCISCO MONTORO FERN\u00c1NDEZ COLECCI\u00d3N LA PEQUE\u00d1A HISTORIA (N\u00ba 7) ISBN: 978-84-129804-3-1 D. L. MA 420-2025 N\u00daMERO DE P\u00c1GINAS: 200 Las leyendas son asuntos delicad\u00edsimos, pues, es harto conocido que, muchas veces, apoy\u00e1ndose en ellas, se cometieron errores muy graves, y otras en que, despreci\u00e1ndolas, se err\u00f3 tristemente, porque, pasados los a\u00f1os, se comprobaron que [&hellip;]<\/p>\n","protected":false},"author":1,"featured_media":0,"parent":0,"menu_order":0,"comment_status":"closed","ping_status":"closed","template":"","meta":{"footnotes":""},"class_list":["post-830","page","type-page","status-publish","hentry"],"_links":{"self":[{"href":"https:\/\/librosdelaaxarquia.com\/index.php?rest_route=\/wp\/v2\/pages\/830","targetHints":{"allow":["GET"]}}],"collection":[{"href":"https:\/\/librosdelaaxarquia.com\/index.php?rest_route=\/wp\/v2\/pages"}],"about":[{"href":"https:\/\/librosdelaaxarquia.com\/index.php?rest_route=\/wp\/v2\/types\/page"}],"author":[{"embeddable":true,"href":"https:\/\/librosdelaaxarquia.com\/index.php?rest_route=\/wp\/v2\/users\/1"}],"replies":[{"embeddable":true,"href":"https:\/\/librosdelaaxarquia.com\/index.php?rest_route=%2Fwp%2Fv2%2Fcomments&post=830"}],"version-history":[{"count":5,"href":"https:\/\/librosdelaaxarquia.com\/index.php?rest_route=\/wp\/v2\/pages\/830\/revisions"}],"predecessor-version":[{"id":2196,"href":"https:\/\/librosdelaaxarquia.com\/index.php?rest_route=\/wp\/v2\/pages\/830\/revisions\/2196"}],"wp:attachment":[{"href":"https:\/\/librosdelaaxarquia.com\/index.php?rest_route=%2Fwp%2Fv2%2Fmedia&parent=830"}],"curies":[{"name":"wp","href":"https:\/\/api.w.org\/{rel}","templated":true}]}}