{"id":834,"date":"2025-11-12T20:25:55","date_gmt":"2025-11-12T19:25:55","guid":{"rendered":"https:\/\/librosdelaaxarquia.com\/?page_id=834"},"modified":"2025-12-05T14:54:11","modified_gmt":"2025-12-05T13:54:11","slug":"libro-el-arte-de-vivir","status":"publish","type":"page","link":"https:\/\/librosdelaaxarquia.com\/?page_id=834","title":{"rendered":"EL ARTE DE VIVIR"},"content":{"rendered":"\n<figure class=\"wp-block-image aligncenter size-full is-resized\"><img loading=\"lazy\" decoding=\"async\" width=\"372\" height=\"572\" src=\"https:\/\/librosdelaaxarquia.com\/wp-content\/uploads\/2025\/11\/3-Arte-de-Vivir-2.png\" alt=\"\" class=\"wp-image-835\" style=\"width:479px;height:auto\" srcset=\"https:\/\/librosdelaaxarquia.com\/wp-content\/uploads\/2025\/11\/3-Arte-de-Vivir-2.png 372w, https:\/\/librosdelaaxarquia.com\/wp-content\/uploads\/2025\/11\/3-Arte-de-Vivir-2-195x300.png 195w\" sizes=\"auto, (max-width: 372px) 100vw, 372px\" \/><\/figure>\n\n\n\n<div style=\"height:3px\" aria-hidden=\"true\" class=\"wp-block-spacer\"><\/div>\n\n\n\n<p><strong>AUTOR:<\/strong> <a href=\"https:\/\/librosdelaaxarquia.com\/?page_id=1112\" data-type=\"page\" data-id=\"1112\">RAFAEL S\u00c1NCHEZ MART\u00cdN<\/a><\/p>\n\n\n\n<p>COLECCI\u00d3N <strong><a href=\"https:\/\/librosdelaaxarquia.com\/?page_id=143\" data-type=\"page\" data-id=\"143\">REFLEXIONES<\/a><\/strong> (N\u00ba 3)<\/p>\n\n\n\n<p><strong>ISBN<\/strong>: 978-84-944870-3-2 <strong>D. L.<\/strong> MA 671-2016<\/p>\n\n\n\n<p>N\u00daMERO DE P\u00c1GINAS:  328<\/p>\n\n\n\n<div style=\"height:7px\" aria-hidden=\"true\" class=\"wp-block-spacer\"><\/div>\n\n\n\n<figure class=\"wp-block-embed is-type-video is-provider-youtube wp-block-embed-youtube wp-embed-aspect-16-9 wp-has-aspect-ratio\"><div class=\"wp-block-embed__wrapper\">\n<iframe loading=\"lazy\" title=\"EL ARTE DE VIVIR\" width=\"500\" height=\"281\" src=\"https:\/\/www.youtube.com\/embed\/Z95emZwMs0Y?feature=oembed\" frameborder=\"0\" allow=\"accelerometer; autoplay; clipboard-write; encrypted-media; gyroscope; picture-in-picture; web-share\" referrerpolicy=\"strict-origin-when-cross-origin\" allowfullscreen><\/iframe>\n<\/div><\/figure>\n\n\n\n<div style=\"height:6px\" aria-hidden=\"true\" class=\"wp-block-spacer\"><\/div>\n\n\n\n<p>Hay que buscar en este libro la idea de que la felicidad \u201cposible\u201d y la alegr\u00eda no las debemos esperar de las situaciones inesperadas, m\u00e1gicas y deslumbrantes: como el que nos sonr\u00eda la fortuna con la loter\u00eda, o una herencia inesperada, o un viaje que te regalan\u2026, sino de las COSAS SENCILLAS de cada jornada: el peque\u00f1o rato de lectura de un autor buscado; ese simp\u00e1tico programa de tv que nos sorprende; la cerveza con los amigos de siempre; &nbsp;la preparaci\u00f3n de una maleta para un viaje; ese olor a pan reci\u00e9n hecho que nos asalta al pasar junto a una panader\u00eda; la visi\u00f3n de un campo interminable de amapolas; la satisfacci\u00f3n de estar presente en la jubilaci\u00f3n de seres que aprecias; la cercan\u00eda y calidez de algunas miradas; las despedidas que acercan para siempre; los equilibrios cuando pintan bastos; los caminos&nbsp; y sus rutas con amigos firmes, seguros y fiables; el morse de la lluvia y sus mensajes; la mar y sus llamadas; las noches m\u00e1gicas de recuento de emociones que se nos quedan; los libros que nos eligen; las heridas abiertas y las cicatrices recias\u2026 Esa es la vida: el d\u00eda a d\u00eda: ese discurrir zen que nos orienta hacia un \u201cSI TIENES SUFICIENTE\u2026 EN VERDAD ERES RICO\u201d.<\/p>\n\n\n\n<p>Todas esas cosas sencillas y diarias son las que har\u00e1n de esa combusti\u00f3n lenta y controlada que suele ser nuestra existencia, una preparaci\u00f3n para que cada d\u00eda, al cerrar los ojos en esa soledad que nos hace m\u00e1s nosotros, &nbsp;nos digamos: visto lo visto, gozado lo gozado y sentido lo sentido: ME CAIGO BIEN.&nbsp;Un lujazo.<\/p>\n\n\n\n<p class=\"has-text-align-center\"><strong>ACTO DE PRESENTACI\u00d3N DEL LIBRO<\/strong><\/p>\n\n\n\n<p class=\"has-text-align-center\">(Sal\u00f3n de actos de Mancomunidad, 4 de noviembre de 2016)<\/p>\n\n\n\n<figure class=\"wp-block-embed is-type-video is-provider-youtube wp-block-embed-youtube wp-embed-aspect-4-3 wp-has-aspect-ratio\"><div class=\"wp-block-embed__wrapper\">\n<iframe loading=\"lazy\" title=\"EL ARTE DE VIVIR\" width=\"500\" height=\"375\" src=\"https:\/\/www.youtube.com\/embed\/lOYftTDuVZ4?feature=oembed\" frameborder=\"0\" allow=\"accelerometer; autoplay; clipboard-write; encrypted-media; gyroscope; picture-in-picture; web-share\" referrerpolicy=\"strict-origin-when-cross-origin\" allowfullscreen><\/iframe>\n<\/div><\/figure>\n\n\n\n<div class=\"wp-block-buttons is-layout-flex wp-block-buttons-is-layout-flex\"><\/div>\n\n\n\n<p><\/p>\n","protected":false},"excerpt":{"rendered":"<p>AUTOR: RAFAEL S\u00c1NCHEZ MART\u00cdN COLECCI\u00d3N REFLEXIONES (N\u00ba 3) ISBN: 978-84-944870-3-2 D. L. MA 671-2016 N\u00daMERO DE P\u00c1GINAS: 328 Hay que buscar en este libro la idea de que la felicidad \u201cposible\u201d y la alegr\u00eda no las debemos esperar de las situaciones inesperadas, m\u00e1gicas y deslumbrantes: como el que nos sonr\u00eda la fortuna con la loter\u00eda, [&hellip;]<\/p>\n","protected":false},"author":1,"featured_media":0,"parent":0,"menu_order":0,"comment_status":"closed","ping_status":"closed","template":"","meta":{"footnotes":""},"class_list":["post-834","page","type-page","status-publish","hentry"],"_links":{"self":[{"href":"https:\/\/librosdelaaxarquia.com\/index.php?rest_route=\/wp\/v2\/pages\/834","targetHints":{"allow":["GET"]}}],"collection":[{"href":"https:\/\/librosdelaaxarquia.com\/index.php?rest_route=\/wp\/v2\/pages"}],"about":[{"href":"https:\/\/librosdelaaxarquia.com\/index.php?rest_route=\/wp\/v2\/types\/page"}],"author":[{"embeddable":true,"href":"https:\/\/librosdelaaxarquia.com\/index.php?rest_route=\/wp\/v2\/users\/1"}],"replies":[{"embeddable":true,"href":"https:\/\/librosdelaaxarquia.com\/index.php?rest_route=%2Fwp%2Fv2%2Fcomments&post=834"}],"version-history":[{"count":5,"href":"https:\/\/librosdelaaxarquia.com\/index.php?rest_route=\/wp\/v2\/pages\/834\/revisions"}],"predecessor-version":[{"id":2142,"href":"https:\/\/librosdelaaxarquia.com\/index.php?rest_route=\/wp\/v2\/pages\/834\/revisions\/2142"}],"wp:attachment":[{"href":"https:\/\/librosdelaaxarquia.com\/index.php?rest_route=%2Fwp%2Fv2%2Fmedia&parent=834"}],"curies":[{"name":"wp","href":"https:\/\/api.w.org\/{rel}","templated":true}]}}