{"id":838,"date":"2025-11-12T20:47:09","date_gmt":"2025-11-12T19:47:09","guid":{"rendered":"https:\/\/librosdelaaxarquia.com\/?page_id=838"},"modified":"2025-12-04T22:00:31","modified_gmt":"2025-12-04T21:00:31","slug":"libro-el-cerro-de-los-remedios","status":"publish","type":"page","link":"https:\/\/librosdelaaxarquia.com\/?page_id=838","title":{"rendered":"EL CERRO DE LOS REMEDIOS"},"content":{"rendered":"\n<figure class=\"wp-block-image aligncenter size-full is-resized\"><img loading=\"lazy\" decoding=\"async\" width=\"431\" height=\"691\" src=\"https:\/\/librosdelaaxarquia.com\/wp-content\/uploads\/2025\/11\/EL-CERRO-1.jpg\" alt=\"\" class=\"wp-image-839\" style=\"width:442px;height:auto\" srcset=\"https:\/\/librosdelaaxarquia.com\/wp-content\/uploads\/2025\/11\/EL-CERRO-1.jpg 431w, https:\/\/librosdelaaxarquia.com\/wp-content\/uploads\/2025\/11\/EL-CERRO-1-187x300.jpg 187w\" sizes=\"auto, (max-width: 431px) 100vw, 431px\" \/><\/figure>\n\n\n\n<div style=\"height:11px\" aria-hidden=\"true\" class=\"wp-block-spacer\"><\/div>\n\n\n\n<p>COLECCI\u00d3N <strong><a href=\"https:\/\/librosdelaaxarquia.com\/?page_id=53\" data-type=\"page\" data-id=\"53\">PATRIMONIO<\/a><\/strong> (N\u00ba 3)<\/p>\n\n\n\n<p><strong>ISBN:<\/strong> 978-84-944870-2-6   <strong>D. L.  MA<\/strong> 422-2016<\/p>\n\n\n\n<p>N\u00daMERO DE P\u00c1GINAS:  314<\/p>\n\n\n\n<div style=\"height:21px\" aria-hidden=\"true\" class=\"wp-block-spacer\"><\/div>\n\n\n\n<figure class=\"wp-block-embed is-type-video is-provider-youtube wp-block-embed-youtube wp-embed-aspect-16-9 wp-has-aspect-ratio\"><div class=\"wp-block-embed__wrapper\">\n<iframe loading=\"lazy\" title=\"SPOT EL CERRO\" width=\"500\" height=\"281\" src=\"https:\/\/www.youtube.com\/embed\/txkXi2M_UNo?feature=oembed\" frameborder=\"0\" allow=\"accelerometer; autoplay; clipboard-write; encrypted-media; gyroscope; picture-in-picture; web-share\" referrerpolicy=\"strict-origin-when-cross-origin\" allowfullscreen><\/iframe>\n<\/div><\/figure>\n\n\n\n<div style=\"height:19px\" aria-hidden=\"true\" class=\"wp-block-spacer\"><\/div>\n\n\n\n<p>La Virgen de los Remedios y V\u00e9lez-M\u00e1laga es un caso t\u00edpico de devoci\u00f3n mariana popular andaluza nacida tras la castellanizaci\u00f3n de la ciudad y que tendr\u00e1, a lo largo de los siglos, una incidencia manifiesta en el devenir de los tiempos en la capital de una comarca singular, la Axarqu\u00eda, cuna de valiosas iniciativas, personas, artes e ideas.<\/p>\n\n\n\n<p>La Virgen de los Remedios ha presidido y protagonizado, desde su ermita del Cerro, la mayor parte del acerbo hist\u00f3rico y cultural de esta tierra, una vez que, all\u00e1 por el siglo XVI, llegara a V\u00e9lez-M\u00e1laga, procedente de la capital del reino granadino.<\/p>\n\n\n\n<p>Su llegada a V\u00e9lez-M\u00e1laga, el nacimiento y extensi\u00f3n de la devoci\u00f3n popular hacia esta advocaci\u00f3n, la construcci\u00f3n de su santuario, el empe\u00f1o de sus capellanes, etc., etc., han sido motivo, en varias ocasiones, de que estudiosos del terru\u00f1o se hayan ocupado del tema, proporcionando valiosas informaciones, dispersas y de dif\u00edcil acceso para la inmensa mayor\u00eda de los lectores, dado que muchas de ellas est\u00e1n en libros antiguos y raros, de los que se han conservado escas\u00edsimo ejemplares.<\/p>\n\n\n\n<div style=\"height:19px\" aria-hidden=\"true\" class=\"wp-block-spacer\"><\/div>\n\n\n\n<figure class=\"wp-block-embed is-type-video is-provider-youtube wp-block-embed-youtube wp-embed-aspect-4-3 wp-has-aspect-ratio\"><div class=\"wp-block-embed__wrapper\">\n<iframe loading=\"lazy\" title=\"LA VIRGEN DE LOS REMEDIOS\" width=\"500\" height=\"375\" src=\"https:\/\/www.youtube.com\/embed\/S3LVOAzkhB4?feature=oembed\" frameborder=\"0\" allow=\"accelerometer; autoplay; clipboard-write; encrypted-media; gyroscope; picture-in-picture; web-share\" referrerpolicy=\"strict-origin-when-cross-origin\" allowfullscreen><\/iframe>\n<\/div><\/figure>\n\n\n\n<div style=\"height:9px\" aria-hidden=\"true\" class=\"wp-block-spacer\"><\/div>\n\n\n\n<p>El presente libro muestra la historia de la Virgen de Los Remedios y su santuario.<\/p>\n\n\n\n<div style=\"height:6px\" aria-hidden=\"true\" class=\"wp-block-spacer\"><\/div>\n\n\n\n<figure class=\"wp-block-image size-large\"><img loading=\"lazy\" decoding=\"async\" width=\"1024\" height=\"484\" src=\"https:\/\/librosdelaaxarquia.com\/wp-content\/uploads\/2025\/11\/Cerro-EL-CERRO_001-1024x484.jpg\" alt=\"\" class=\"wp-image-1234\" srcset=\"https:\/\/librosdelaaxarquia.com\/wp-content\/uploads\/2025\/11\/Cerro-EL-CERRO_001-1024x484.jpg 1024w, https:\/\/librosdelaaxarquia.com\/wp-content\/uploads\/2025\/11\/Cerro-EL-CERRO_001-300x142.jpg 300w, https:\/\/librosdelaaxarquia.com\/wp-content\/uploads\/2025\/11\/Cerro-EL-CERRO_001-768x363.jpg 768w, https:\/\/librosdelaaxarquia.com\/wp-content\/uploads\/2025\/11\/Cerro-EL-CERRO_001.jpg 1444w\" sizes=\"auto, (max-width: 1024px) 100vw, 1024px\" \/><\/figure>\n","protected":false},"excerpt":{"rendered":"<p>COLECCI\u00d3N PATRIMONIO (N\u00ba 3) ISBN: 978-84-944870-2-6 D. L. MA 422-2016 N\u00daMERO DE P\u00c1GINAS: 314 La Virgen de los Remedios y V\u00e9lez-M\u00e1laga es un caso t\u00edpico de devoci\u00f3n mariana popular andaluza nacida tras la castellanizaci\u00f3n de la ciudad y que tendr\u00e1, a lo largo de los siglos, una incidencia manifiesta en el devenir de los tiempos [&hellip;]<\/p>\n","protected":false},"author":1,"featured_media":0,"parent":0,"menu_order":0,"comment_status":"closed","ping_status":"closed","template":"","meta":{"footnotes":""},"class_list":["post-838","page","type-page","status-publish","hentry"],"_links":{"self":[{"href":"https:\/\/librosdelaaxarquia.com\/index.php?rest_route=\/wp\/v2\/pages\/838","targetHints":{"allow":["GET"]}}],"collection":[{"href":"https:\/\/librosdelaaxarquia.com\/index.php?rest_route=\/wp\/v2\/pages"}],"about":[{"href":"https:\/\/librosdelaaxarquia.com\/index.php?rest_route=\/wp\/v2\/types\/page"}],"author":[{"embeddable":true,"href":"https:\/\/librosdelaaxarquia.com\/index.php?rest_route=\/wp\/v2\/users\/1"}],"replies":[{"embeddable":true,"href":"https:\/\/librosdelaaxarquia.com\/index.php?rest_route=%2Fwp%2Fv2%2Fcomments&post=838"}],"version-history":[{"count":5,"href":"https:\/\/librosdelaaxarquia.com\/index.php?rest_route=\/wp\/v2\/pages\/838\/revisions"}],"predecessor-version":[{"id":2073,"href":"https:\/\/librosdelaaxarquia.com\/index.php?rest_route=\/wp\/v2\/pages\/838\/revisions\/2073"}],"wp:attachment":[{"href":"https:\/\/librosdelaaxarquia.com\/index.php?rest_route=%2Fwp%2Fv2%2Fmedia&parent=838"}],"curies":[{"name":"wp","href":"https:\/\/api.w.org\/{rel}","templated":true}]}}