{"id":842,"date":"2025-11-12T20:59:11","date_gmt":"2025-11-12T19:59:11","guid":{"rendered":"https:\/\/librosdelaaxarquia.com\/?page_id=842"},"modified":"2025-12-07T23:23:39","modified_gmt":"2025-12-07T22:23:39","slug":"libro-la-industria-azucarera-en-nerja-y-maro-i","status":"publish","type":"page","link":"https:\/\/librosdelaaxarquia.com\/?page_id=842","title":{"rendered":"LA INDUSTRIA AZUCARERA EN NERJA Y MARO (I)"},"content":{"rendered":"\n<figure class=\"wp-block-image aligncenter size-full is-resized\"><img loading=\"lazy\" decoding=\"async\" width=\"430\" height=\"694\" src=\"https:\/\/librosdelaaxarquia.com\/wp-content\/uploads\/2025\/11\/AZUCAR-I-1.jpg\" alt=\"\" class=\"wp-image-843\" style=\"width:416px;height:auto\" srcset=\"https:\/\/librosdelaaxarquia.com\/wp-content\/uploads\/2025\/11\/AZUCAR-I-1.jpg 430w, https:\/\/librosdelaaxarquia.com\/wp-content\/uploads\/2025\/11\/AZUCAR-I-1-186x300.jpg 186w\" sizes=\"auto, (max-width: 430px) 100vw, 430px\" \/><\/figure>\n\n\n\n<div style=\"height:29px\" aria-hidden=\"true\" class=\"wp-block-spacer\"><\/div>\n\n\n\n<p><strong>AUTOR:<\/strong> <a href=\"https:\/\/librosdelaaxarquia.com\/?page_id=968\" data-type=\"page\" data-id=\"968\">FRANCISCO CAPILLA LUQUE<\/a><\/p>\n\n\n\n<p>COLECCI\u00d3N <strong><a href=\"https:\/\/librosdelaaxarquia.com\/?page_id=70\" data-type=\"page\" data-id=\"70\">MONOGRAF\u00cdAS<\/a><\/strong> (N\u00ba 2)<\/p>\n\n\n\n<p><strong>ISBN:<\/strong> 978-84-944870-4-0 D. L.<strong> MA<\/strong> 1139-2016<\/p>\n\n\n\n<p>N\u00daMERO DE P\u00c1GINAS:  272<\/p>\n\n\n\n<div style=\"height:10px\" aria-hidden=\"true\" class=\"wp-block-spacer\"><\/div>\n\n\n\n<p>En las \u00faltimas d\u00e9cadas del siglo XVI entraron en funcionamiento los ingenios azucareros de Maro y de Nerja, para la molienda de la ca\u00f1a dulce que se cultivaba en sus f\u00e9rtiles tierras y la fabricaci\u00f3n del az\u00facar que esta proporcionaba. Durante casi trescientos a\u00f1os ambos ingenios fueron el motor econ\u00f3mico de ambas localidades y contribuyeron a la formaci\u00f3n de su sociedad y a su desarrollo urbano en \u00e9poca moderna. En el siglo XIX, otros dos ingenios compitieron con el de Nerja por breve tiempo, pero todos sucumbieron ante el avance de la tecnolog\u00eda del vapor y los nuevos m\u00e9todos de producci\u00f3n introducidos por las f\u00e1bricas azucareras.<\/p>\n\n\n\n<p>En <em>Los ingenios azucareros preindustriales de Maro y Nerja<\/em>, que tendr\u00e1 su continuaci\u00f3n en el futuro en otro volumen sobre las f\u00e1bricas azucareras de \u00e9poca industrial, el lector podr\u00e1 conocer c\u00f3mo eran y c\u00f3mo funcionaban estos ingenios preindustriales, su sistema de fabricaci\u00f3n, las distintas categor\u00edas de operarios que trabajaban en ellos, los propietarios que tuvieron y sus relaciones con los trabajadores y labradores, las pr\u00e1cticas agr\u00edcolas, y tambi\u00e9n el fabuloso negocio en que se convirti\u00f3 la producci\u00f3n de az\u00facar; y a trav\u00e9s de todo ello tambi\u00e9n recorrer\u00e1 una \u00e9poca fundamental en la historia de Maro y Nerja, la que transcurre entre el final de la Edad Media y la segunda mitad del siglo XIX.<\/p>\n\n\n\n<div style=\"height:24px\" aria-hidden=\"true\" class=\"wp-block-spacer\"><\/div>\n\n\n\n<figure class=\"wp-block-image size-large\"><img loading=\"lazy\" decoding=\"async\" width=\"1024\" height=\"503\" src=\"https:\/\/librosdelaaxarquia.com\/wp-content\/uploads\/2025\/11\/AZUCAR-I-2-1024x503.jpg\" alt=\"\" class=\"wp-image-966\" srcset=\"https:\/\/librosdelaaxarquia.com\/wp-content\/uploads\/2025\/11\/AZUCAR-I-2-1024x503.jpg 1024w, https:\/\/librosdelaaxarquia.com\/wp-content\/uploads\/2025\/11\/AZUCAR-I-2-300x147.jpg 300w, https:\/\/librosdelaaxarquia.com\/wp-content\/uploads\/2025\/11\/AZUCAR-I-2-768x377.jpg 768w, https:\/\/librosdelaaxarquia.com\/wp-content\/uploads\/2025\/11\/AZUCAR-I-2.jpg 1481w\" sizes=\"auto, (max-width: 1024px) 100vw, 1024px\" \/><\/figure>\n\n\n\n<div class=\"wp-block-buttons is-layout-flex wp-block-buttons-is-layout-flex\"><\/div>\n\n\n\n<div style=\"height:13px\" aria-hidden=\"true\" class=\"wp-block-spacer\"><\/div>\n\n\n\n<p class=\"has-text-align-center\"><strong>ACTO DE PRESENTACI\u00d3N DEL LIBRO<\/strong><\/p>\n\n\n\n<figure class=\"wp-block-embed is-type-video is-provider-youtube wp-block-embed-youtube wp-embed-aspect-4-3 wp-has-aspect-ratio\"><div class=\"wp-block-embed__wrapper\">\n<iframe loading=\"lazy\" title=\"LA INDUSTRIA AZUCARERA EN NERJA\" width=\"500\" height=\"375\" src=\"https:\/\/www.youtube.com\/embed\/QEOsAidu3sU?feature=oembed\" frameborder=\"0\" allow=\"accelerometer; autoplay; clipboard-write; encrypted-media; gyroscope; picture-in-picture; web-share\" referrerpolicy=\"strict-origin-when-cross-origin\" allowfullscreen><\/iframe>\n<\/div><\/figure>\n","protected":false},"excerpt":{"rendered":"<p>AUTOR: FRANCISCO CAPILLA LUQUE COLECCI\u00d3N MONOGRAF\u00cdAS (N\u00ba 2) ISBN: 978-84-944870-4-0 D. L. MA 1139-2016 N\u00daMERO DE P\u00c1GINAS: 272 En las \u00faltimas d\u00e9cadas del siglo XVI entraron en funcionamiento los ingenios azucareros de Maro y de Nerja, para la molienda de la ca\u00f1a dulce que se cultivaba en sus f\u00e9rtiles tierras y la fabricaci\u00f3n del az\u00facar [&hellip;]<\/p>\n","protected":false},"author":1,"featured_media":0,"parent":0,"menu_order":0,"comment_status":"closed","ping_status":"closed","template":"","meta":{"footnotes":""},"class_list":["post-842","page","type-page","status-publish","hentry"],"_links":{"self":[{"href":"https:\/\/librosdelaaxarquia.com\/index.php?rest_route=\/wp\/v2\/pages\/842","targetHints":{"allow":["GET"]}}],"collection":[{"href":"https:\/\/librosdelaaxarquia.com\/index.php?rest_route=\/wp\/v2\/pages"}],"about":[{"href":"https:\/\/librosdelaaxarquia.com\/index.php?rest_route=\/wp\/v2\/types\/page"}],"author":[{"embeddable":true,"href":"https:\/\/librosdelaaxarquia.com\/index.php?rest_route=\/wp\/v2\/users\/1"}],"replies":[{"embeddable":true,"href":"https:\/\/librosdelaaxarquia.com\/index.php?rest_route=%2Fwp%2Fv2%2Fcomments&post=842"}],"version-history":[{"count":5,"href":"https:\/\/librosdelaaxarquia.com\/index.php?rest_route=\/wp\/v2\/pages\/842\/revisions"}],"predecessor-version":[{"id":2252,"href":"https:\/\/librosdelaaxarquia.com\/index.php?rest_route=\/wp\/v2\/pages\/842\/revisions\/2252"}],"wp:attachment":[{"href":"https:\/\/librosdelaaxarquia.com\/index.php?rest_route=%2Fwp%2Fv2%2Fmedia&parent=842"}],"curies":[{"name":"wp","href":"https:\/\/api.w.org\/{rel}","templated":true}]}}