{"id":951,"date":"2025-11-14T14:26:29","date_gmt":"2025-11-14T13:26:29","guid":{"rendered":"https:\/\/librosdelaaxarquia.com\/?page_id=951"},"modified":"2025-12-02T22:47:07","modified_gmt":"2025-12-02T21:47:07","slug":"miguel-chicano-lagos","status":"publish","type":"page","link":"https:\/\/librosdelaaxarquia.com\/?page_id=951","title":{"rendered":"MIGUEL CHICANO LAGOS"},"content":{"rendered":"\n<figure class=\"wp-block-image aligncenter size-full is-resized\"><img loading=\"lazy\" decoding=\"async\" width=\"767\" height=\"1020\" src=\"https:\/\/librosdelaaxarquia.com\/wp-content\/uploads\/2025\/12\/Foto-M-iguel-Cachele.jpg\" alt=\"\" class=\"wp-image-1903\" style=\"width:403px;height:auto\" srcset=\"https:\/\/librosdelaaxarquia.com\/wp-content\/uploads\/2025\/12\/Foto-M-iguel-Cachele.jpg 767w, https:\/\/librosdelaaxarquia.com\/wp-content\/uploads\/2025\/12\/Foto-M-iguel-Cachele-226x300.jpg 226w\" sizes=\"auto, (max-width: 767px) 100vw, 767px\" \/><\/figure>\n\n\n\n<div style=\"height:23px\" aria-hidden=\"true\" class=\"wp-block-spacer\"><\/div>\n\n\n\n<p>Libro: <strong><a href=\"https:\/\/librosdelaaxarquia.com\/?page_id=956\" data-type=\"page\" data-id=\"956\">LETRAS FLAMENCAS<\/a><\/strong>. <\/p>\n\n\n\n<p>Colecci\u00f3n <strong><a href=\"https:\/\/librosdelaaxarquia.com\/?page_id=1399\" data-type=\"page\" data-id=\"1399\">POEMARIOS<\/a><\/strong> (N\u00ba 3)<\/p>\n\n\n\n<p>Miguel Chicano Lagos naci\u00f3 en V\u00e9lez M\u00e1laga en 1970. Desde ni\u00f1o siempre tuvo afici\u00f3n a la lectura, a la poes\u00eda y el flamenco.<\/p>\n\n\n\n<p>A lo largo de su ni\u00f1ez y juventud estuvo muy cerca de su padre (Miguel Cachele), que le sirvi\u00f3 de inspiraci\u00f3n, y al que reconoci\u00f3 en muchos de los versos de Miguel Hern\u00e1ndez, y de su trabajo con el ganado.<\/p>\n\n\n\n<p>Ha vivido en varias ciudades de Espa\u00f1a, por su trabajo como funcionario p\u00fablico del Estado, y, despu\u00e9s de veinte a\u00f1os, ha vuelto a la ciudad de sus or\u00edgenes, donde ha retomado su afici\u00f3n a escribir, releer a los cl\u00e1sicos del Siglo de Oro espa\u00f1ol y disfrutar del flamenco m\u00e1s primigenio.<\/p>\n\n\n\n<figure class=\"wp-block-image size-large\"><img loading=\"lazy\" decoding=\"async\" width=\"1024\" height=\"497\" src=\"https:\/\/librosdelaaxarquia.com\/wp-content\/uploads\/2025\/11\/Cubierta-LETRAS-FLAMENCAS_Final_001-1-1024x497.jpg\" alt=\"\" class=\"wp-image-953\" srcset=\"https:\/\/librosdelaaxarquia.com\/wp-content\/uploads\/2025\/11\/Cubierta-LETRAS-FLAMENCAS_Final_001-1-1024x497.jpg 1024w, https:\/\/librosdelaaxarquia.com\/wp-content\/uploads\/2025\/11\/Cubierta-LETRAS-FLAMENCAS_Final_001-1-300x145.jpg 300w, https:\/\/librosdelaaxarquia.com\/wp-content\/uploads\/2025\/11\/Cubierta-LETRAS-FLAMENCAS_Final_001-1-768x372.jpg 768w, https:\/\/librosdelaaxarquia.com\/wp-content\/uploads\/2025\/11\/Cubierta-LETRAS-FLAMENCAS_Final_001-1.jpg 1431w\" sizes=\"auto, (max-width: 1024px) 100vw, 1024px\" \/><\/figure>\n\n\n\n<p><\/p>\n","protected":false},"excerpt":{"rendered":"<p>Libro: LETRAS FLAMENCAS. Colecci\u00f3n POEMARIOS (N\u00ba 3) Miguel Chicano Lagos naci\u00f3 en V\u00e9lez M\u00e1laga en 1970. Desde ni\u00f1o siempre tuvo afici\u00f3n a la lectura, a la poes\u00eda y el flamenco. A lo largo de su ni\u00f1ez y juventud estuvo muy cerca de su padre (Miguel Cachele), que le sirvi\u00f3 de inspiraci\u00f3n, y al que reconoci\u00f3 [&hellip;]<\/p>\n","protected":false},"author":1,"featured_media":0,"parent":0,"menu_order":0,"comment_status":"closed","ping_status":"closed","template":"","meta":{"footnotes":""},"class_list":["post-951","page","type-page","status-publish","hentry"],"_links":{"self":[{"href":"https:\/\/librosdelaaxarquia.com\/index.php?rest_route=\/wp\/v2\/pages\/951","targetHints":{"allow":["GET"]}}],"collection":[{"href":"https:\/\/librosdelaaxarquia.com\/index.php?rest_route=\/wp\/v2\/pages"}],"about":[{"href":"https:\/\/librosdelaaxarquia.com\/index.php?rest_route=\/wp\/v2\/types\/page"}],"author":[{"embeddable":true,"href":"https:\/\/librosdelaaxarquia.com\/index.php?rest_route=\/wp\/v2\/users\/1"}],"replies":[{"embeddable":true,"href":"https:\/\/librosdelaaxarquia.com\/index.php?rest_route=%2Fwp%2Fv2%2Fcomments&post=951"}],"version-history":[{"count":5,"href":"https:\/\/librosdelaaxarquia.com\/index.php?rest_route=\/wp\/v2\/pages\/951\/revisions"}],"predecessor-version":[{"id":1978,"href":"https:\/\/librosdelaaxarquia.com\/index.php?rest_route=\/wp\/v2\/pages\/951\/revisions\/1978"}],"wp:attachment":[{"href":"https:\/\/librosdelaaxarquia.com\/index.php?rest_route=%2Fwp%2Fv2%2Fmedia&parent=951"}],"curies":[{"name":"wp","href":"https:\/\/api.w.org\/{rel}","templated":true}]}}