{"id":956,"date":"2025-11-14T14:36:55","date_gmt":"2025-11-14T13:36:55","guid":{"rendered":"https:\/\/librosdelaaxarquia.com\/?page_id=956"},"modified":"2025-12-06T22:13:39","modified_gmt":"2025-12-06T21:13:39","slug":"libro-letras-flamencas","status":"publish","type":"page","link":"https:\/\/librosdelaaxarquia.com\/?page_id=956","title":{"rendered":"LETRAS FLAMENCAS"},"content":{"rendered":"\n<figure class=\"wp-block-image aligncenter size-full is-resized\"><img loading=\"lazy\" decoding=\"async\" width=\"430\" height=\"687\" src=\"https:\/\/librosdelaaxarquia.com\/wp-content\/uploads\/2025\/11\/LETRAS-FLAMENCAS_001-2.jpg\" alt=\"\" class=\"wp-image-957\" style=\"width:473px;height:auto\" srcset=\"https:\/\/librosdelaaxarquia.com\/wp-content\/uploads\/2025\/11\/LETRAS-FLAMENCAS_001-2.jpg 430w, https:\/\/librosdelaaxarquia.com\/wp-content\/uploads\/2025\/11\/LETRAS-FLAMENCAS_001-2-188x300.jpg 188w\" sizes=\"auto, (max-width: 430px) 100vw, 430px\" \/><\/figure>\n\n\n\n<div style=\"height:10px\" aria-hidden=\"true\" class=\"wp-block-spacer\"><\/div>\n\n\n\n<p>AUTOR: <a href=\"https:\/\/librosdelaaxarquia.com\/?page_id=951\" data-type=\"page\" data-id=\"951\">MIGUEL CHICANO LAGOS<\/a><\/p>\n\n\n\n<p>Libro: <a href=\"https:\/\/librosdelaaxarquia.com\/?page_id=956\" data-type=\"page\" data-id=\"956\"><strong><em>LETRAS FLAMENCAS<\/em><\/strong>. <\/a><\/p>\n\n\n\n<p>Colecci\u00f3n <a href=\"https:\/\/librosdelaaxarquia.com\/?page_id=1399\" data-type=\"page\" data-id=\"1399\"><strong>POEMARIOS<\/strong> <\/a>(N\u00ba 3)<\/p>\n\n\n\n<p><strong>ISBN<\/strong>:  978-84.122073-7-8   <strong>D. L.<\/strong>  MA  225-2022<\/p>\n\n\n\n<p>N\u00famero de p\u00e1ginas:  148<\/p>\n\n\n\n<p><\/p>\n\n\n\n<p>Este poemario de Miguel Chicano Lagos es una explosi\u00f3n de espontaneidad que nos muestra las inspiraciones flamencas de un andaluz imaginativo que nunca, a lo largo de su vida, renunci\u00f3 a ser andaluz malague\u00f1o de V\u00e9lez-M\u00e1laga.<\/p>\n\n\n\n<p>El autor vivi\u00f3 con fuerza el alma flamenca de su Padre, que cantaba con una fortaleza y un duende inolvidables, y vivi\u00f3 el entusiasmo flamenco de sus t\u00edos Paco y Juan, para quienes escribi\u00f3 letras inspiradas que ellos cantaron con pasi\u00f3n.<\/p>\n\n\n\n<p>La Pe\u00f1a Flamenca \u201cNi\u00f1o de V\u00e9lez\u201d cuenta con el socio Miguel Chicano como con un activo muy valioso que colabora, impulsa e inspira la inagotable afici\u00f3n a este arte maravilloso, patrimonio de la humanidad, que permanece vital en la tierra de Juan Breva.<\/p>\n\n\n\n<p>Los amantes de la poes\u00eda, del flamenco y del arte en general, encontrar\u00e1n en este libro-poemario un pretexto perfecto para ahondar y descubrir gran parte de la belleza y las claves del alma flamenca, que ilumina esta tierra de la Axarqu\u00eda malague\u00f1a, teniendo como juglar inspirado a Miguel Chicano Lagos.<\/p>\n\n\n\n<div style=\"height:16px\" aria-hidden=\"true\" class=\"wp-block-spacer\"><\/div>\n\n\n\n<figure class=\"wp-block-image size-large\"><img loading=\"lazy\" decoding=\"async\" width=\"1024\" height=\"497\" src=\"https:\/\/librosdelaaxarquia.com\/wp-content\/uploads\/2025\/11\/Cubierta-LETRAS-FLAMENCAS_Final_001-2-1024x497.jpg\" alt=\"\" class=\"wp-image-958\" srcset=\"https:\/\/librosdelaaxarquia.com\/wp-content\/uploads\/2025\/11\/Cubierta-LETRAS-FLAMENCAS_Final_001-2-1024x497.jpg 1024w, https:\/\/librosdelaaxarquia.com\/wp-content\/uploads\/2025\/11\/Cubierta-LETRAS-FLAMENCAS_Final_001-2-300x145.jpg 300w, https:\/\/librosdelaaxarquia.com\/wp-content\/uploads\/2025\/11\/Cubierta-LETRAS-FLAMENCAS_Final_001-2-768x372.jpg 768w, https:\/\/librosdelaaxarquia.com\/wp-content\/uploads\/2025\/11\/Cubierta-LETRAS-FLAMENCAS_Final_001-2.jpg 1431w\" sizes=\"auto, (max-width: 1024px) 100vw, 1024px\" \/><\/figure>\n\n\n\n<p><\/p>\n","protected":false},"excerpt":{"rendered":"<p>AUTOR: MIGUEL CHICANO LAGOS Libro: LETRAS FLAMENCAS. Colecci\u00f3n POEMARIOS (N\u00ba 3) ISBN: 978-84.122073-7-8 D. L. MA 225-2022 N\u00famero de p\u00e1ginas: 148 Este poemario de Miguel Chicano Lagos es una explosi\u00f3n de espontaneidad que nos muestra las inspiraciones flamencas de un andaluz imaginativo que nunca, a lo largo de su vida, renunci\u00f3 a ser andaluz malague\u00f1o [&hellip;]<\/p>\n","protected":false},"author":1,"featured_media":0,"parent":0,"menu_order":0,"comment_status":"closed","ping_status":"closed","template":"","meta":{"footnotes":""},"class_list":["post-956","page","type-page","status-publish","hentry"],"_links":{"self":[{"href":"https:\/\/librosdelaaxarquia.com\/index.php?rest_route=\/wp\/v2\/pages\/956","targetHints":{"allow":["GET"]}}],"collection":[{"href":"https:\/\/librosdelaaxarquia.com\/index.php?rest_route=\/wp\/v2\/pages"}],"about":[{"href":"https:\/\/librosdelaaxarquia.com\/index.php?rest_route=\/wp\/v2\/types\/page"}],"author":[{"embeddable":true,"href":"https:\/\/librosdelaaxarquia.com\/index.php?rest_route=\/wp\/v2\/users\/1"}],"replies":[{"embeddable":true,"href":"https:\/\/librosdelaaxarquia.com\/index.php?rest_route=%2Fwp%2Fv2%2Fcomments&post=956"}],"version-history":[{"count":5,"href":"https:\/\/librosdelaaxarquia.com\/index.php?rest_route=\/wp\/v2\/pages\/956\/revisions"}],"predecessor-version":[{"id":2236,"href":"https:\/\/librosdelaaxarquia.com\/index.php?rest_route=\/wp\/v2\/pages\/956\/revisions\/2236"}],"wp:attachment":[{"href":"https:\/\/librosdelaaxarquia.com\/index.php?rest_route=%2Fwp%2Fv2%2Fmedia&parent=956"}],"curies":[{"name":"wp","href":"https:\/\/api.w.org\/{rel}","templated":true}]}}