{"id":968,"date":"2025-11-14T17:09:06","date_gmt":"2025-11-14T16:09:06","guid":{"rendered":"https:\/\/librosdelaaxarquia.com\/?page_id=968"},"modified":"2025-12-02T23:02:25","modified_gmt":"2025-12-02T22:02:25","slug":"francisco-capilla-luque","status":"publish","type":"page","link":"https:\/\/librosdelaaxarquia.com\/?page_id=968","title":{"rendered":"FRANCISCO CAPILLA LUQUE"},"content":{"rendered":"\n<div class=\"wp-block-group is-nowrap is-layout-flex wp-container-core-group-is-layout-6c531013 wp-block-group-is-layout-flex\">\n<figure class=\"wp-block-image size-full is-resized\"><img loading=\"lazy\" decoding=\"async\" width=\"430\" height=\"694\" src=\"https:\/\/librosdelaaxarquia.com\/wp-content\/uploads\/2025\/11\/AZUCAR-I-4.jpg\" alt=\"\" class=\"wp-image-970\" style=\"width:378px;height:auto\" srcset=\"https:\/\/librosdelaaxarquia.com\/wp-content\/uploads\/2025\/11\/AZUCAR-I-4.jpg 430w, https:\/\/librosdelaaxarquia.com\/wp-content\/uploads\/2025\/11\/AZUCAR-I-4-186x300.jpg 186w\" sizes=\"auto, (max-width: 430px) 100vw, 430px\" \/><\/figure>\n\n\n\n<figure class=\"wp-block-image size-full is-resized\"><img loading=\"lazy\" decoding=\"async\" width=\"434\" height=\"677\" src=\"https:\/\/librosdelaaxarquia.com\/wp-content\/uploads\/2025\/11\/AZUCAR-II_001-1.jpg\" alt=\"\" class=\"wp-image-971\" style=\"width:391px;height:auto\" srcset=\"https:\/\/librosdelaaxarquia.com\/wp-content\/uploads\/2025\/11\/AZUCAR-II_001-1.jpg 434w, https:\/\/librosdelaaxarquia.com\/wp-content\/uploads\/2025\/11\/AZUCAR-II_001-1-192x300.jpg 192w\" sizes=\"auto, (max-width: 434px) 100vw, 434px\" \/><\/figure>\n<\/div>\n\n\n\n<div style=\"height:6px\" aria-hidden=\"true\" class=\"wp-block-spacer\"><\/div>\n\n\n\n<p>Libro: <strong><em><a href=\"https:\/\/librosdelaaxarquia.com\/?page_id=842\" data-type=\"page\" data-id=\"842\">LA INDUSTRIA AZUCARERA EN NERJA Y MARO<\/a><\/em><\/strong> (I).<strong><em> Los ingenios preindustriales<\/em><\/strong><\/p>\n\n\n\n<p>Libro: <a href=\"https:\/\/librosdelaaxarquia.com\/?page_id=1049\" data-type=\"page\" data-id=\"1049\"><strong><em>LA INDUSTRIA AZUCARERA EN NERJA Y MARO<\/em><\/strong> (II)<\/a>. <strong><em>Las f\u00e1bricas.<\/em><\/strong><\/p>\n\n\n\n<p>Colecci\u00f3n<a href=\"https:\/\/librosdelaaxarquia.com\/?page_id=70\" data-type=\"page\" data-id=\"70\"> <strong>MANOGRAF\u00cdAS<\/strong><\/a>, n\u00fameros 2 y 3.<\/p>\n\n\n\n<p>Francisco Capilla Luque (Ceuta, 1956) es licenciado en Geograf\u00eda e Historia y doctor en Historia del Arte por la Universidad de M\u00e1laga. Desde 1980 ha ejercido como profesor en el I.E.S. \u2018El Chaparil\u2019 de Nerja, compaginando las tareas docentes con la labor investigadora. Ha colaborado en exposiciones y formado parte de equipos de restauraci\u00f3n art\u00edstica en calidad de asesor hist\u00f3rico. Fruto de esta actividad es la publicaci\u00f3n, en colaboraci\u00f3n, de<em> <\/em><em>La ermita de Nuestra Se\u00f1ora de las Angustias de Nerja y sus pinturas murales<\/em> (2012).<\/p>\n\n\n\n<p>Sus l\u00edneas de investigaci\u00f3n giran en torno a las fortificaciones y el sistema defensivo de la costa, iniciada con su tesis doctoral <em>Las fortificaciones del Partido de V\u00e9lez-M\u00e1laga entre los siglos XV y XIX<\/em> (2009) y continuada con la publicaci\u00f3n de diversos art\u00edculos sobre fortificaciones de la costa de la Axarqu\u00eda, y a la industria azucarera y el patrimonio industrial, particularmente en las localidades de Maro y Nerja, que aborda en <em>De F\u00e1brica \u2018San Jos\u00e9\u2019 a I.E.S. \u2018El Chaparil\u2019. Las transformaciones de un conjunto industrial <\/em>(2002) y en el presente t\u00edtulo. Desde 2013 mantiene el blog de historia, arte y patrimonio hist\u00f3rico <em><a href=\"http:\/\/franciscocapillaluque.blogspot.com.es\">http:\/\/franciscocapillaluque.blogspot.com.es<\/a><\/em><em><\/em><\/p>\n\n\n\n<figure class=\"wp-block-image size-large\"><img loading=\"lazy\" decoding=\"async\" width=\"1024\" height=\"503\" src=\"https:\/\/librosdelaaxarquia.com\/wp-content\/uploads\/2025\/11\/AZUCAR-I-5-1024x503.jpg\" alt=\"\" class=\"wp-image-972\" srcset=\"https:\/\/librosdelaaxarquia.com\/wp-content\/uploads\/2025\/11\/AZUCAR-I-5-1024x503.jpg 1024w, https:\/\/librosdelaaxarquia.com\/wp-content\/uploads\/2025\/11\/AZUCAR-I-5-300x147.jpg 300w, https:\/\/librosdelaaxarquia.com\/wp-content\/uploads\/2025\/11\/AZUCAR-I-5-768x377.jpg 768w, https:\/\/librosdelaaxarquia.com\/wp-content\/uploads\/2025\/11\/AZUCAR-I-5.jpg 1481w\" sizes=\"auto, (max-width: 1024px) 100vw, 1024px\" \/><\/figure>\n\n\n\n<div class=\"wp-block-buttons is-layout-flex wp-block-buttons-is-layout-flex\"><\/div>\n\n\n\n<figure class=\"wp-block-image size-large\"><img loading=\"lazy\" decoding=\"async\" width=\"1024\" height=\"485\" src=\"https:\/\/librosdelaaxarquia.com\/wp-content\/uploads\/2025\/11\/133440_MUESTRA_DIGITAL_TAPA_001_001-1024x485.jpg\" alt=\"\" class=\"wp-image-1094\" srcset=\"https:\/\/librosdelaaxarquia.com\/wp-content\/uploads\/2025\/11\/133440_MUESTRA_DIGITAL_TAPA_001_001-1024x485.jpg 1024w, https:\/\/librosdelaaxarquia.com\/wp-content\/uploads\/2025\/11\/133440_MUESTRA_DIGITAL_TAPA_001_001-300x142.jpg 300w, https:\/\/librosdelaaxarquia.com\/wp-content\/uploads\/2025\/11\/133440_MUESTRA_DIGITAL_TAPA_001_001-768x364.jpg 768w, https:\/\/librosdelaaxarquia.com\/wp-content\/uploads\/2025\/11\/133440_MUESTRA_DIGITAL_TAPA_001_001.jpg 1436w\" sizes=\"auto, (max-width: 1024px) 100vw, 1024px\" \/><\/figure>\n\n\n\n<p><\/p>\n\n\n\n<p><\/p>\n\n\n\n<p class=\"has-text-align-center\"><strong>ACTO DE PRESENTACI\u00d3N DEL LIBRO<\/strong><\/p>\n\n\n\n<p class=\"has-text-align-center\"><strong>(Pe\u00f1a Flamenca de V\u00e9lez-M\u00e1laga)<\/strong><\/p>\n\n\n\n<figure class=\"wp-block-embed is-type-video is-provider-youtube wp-block-embed-youtube wp-embed-aspect-4-3 wp-has-aspect-ratio\"><div class=\"wp-block-embed__wrapper\">\n<iframe loading=\"lazy\" title=\"LA INDUSTRIA AZUCARERA EN NERJA\" width=\"500\" height=\"375\" src=\"https:\/\/www.youtube.com\/embed\/QEOsAidu3sU?feature=oembed\" frameborder=\"0\" allow=\"accelerometer; autoplay; clipboard-write; encrypted-media; gyroscope; picture-in-picture; web-share\" referrerpolicy=\"strict-origin-when-cross-origin\" allowfullscreen><\/iframe>\n<\/div><\/figure>\n","protected":false},"excerpt":{"rendered":"<p>Libro: LA INDUSTRIA AZUCARERA EN NERJA Y MARO (I). Los ingenios preindustriales Libro: LA INDUSTRIA AZUCARERA EN NERJA Y MARO (II). Las f\u00e1bricas. Colecci\u00f3n MANOGRAF\u00cdAS, n\u00fameros 2 y 3. Francisco Capilla Luque (Ceuta, 1956) es licenciado en Geograf\u00eda e Historia y doctor en Historia del Arte por la Universidad de M\u00e1laga. Desde 1980 ha ejercido [&hellip;]<\/p>\n","protected":false},"author":1,"featured_media":0,"parent":0,"menu_order":0,"comment_status":"closed","ping_status":"closed","template":"","meta":{"footnotes":""},"class_list":["post-968","page","type-page","status-publish","hentry"],"_links":{"self":[{"href":"https:\/\/librosdelaaxarquia.com\/index.php?rest_route=\/wp\/v2\/pages\/968","targetHints":{"allow":["GET"]}}],"collection":[{"href":"https:\/\/librosdelaaxarquia.com\/index.php?rest_route=\/wp\/v2\/pages"}],"about":[{"href":"https:\/\/librosdelaaxarquia.com\/index.php?rest_route=\/wp\/v2\/types\/page"}],"author":[{"embeddable":true,"href":"https:\/\/librosdelaaxarquia.com\/index.php?rest_route=\/wp\/v2\/users\/1"}],"replies":[{"embeddable":true,"href":"https:\/\/librosdelaaxarquia.com\/index.php?rest_route=%2Fwp%2Fv2%2Fcomments&post=968"}],"version-history":[{"count":5,"href":"https:\/\/librosdelaaxarquia.com\/index.php?rest_route=\/wp\/v2\/pages\/968\/revisions"}],"predecessor-version":[{"id":1990,"href":"https:\/\/librosdelaaxarquia.com\/index.php?rest_route=\/wp\/v2\/pages\/968\/revisions\/1990"}],"wp:attachment":[{"href":"https:\/\/librosdelaaxarquia.com\/index.php?rest_route=%2Fwp%2Fv2%2Fmedia&parent=968"}],"curies":[{"name":"wp","href":"https:\/\/api.w.org\/{rel}","templated":true}]}}